{"id":102,"date":"2022-06-16T09:55:00","date_gmt":"2022-06-16T07:55:00","guid":{"rendered":"http:\/\/192.168.108.1\/?page_id=102"},"modified":"2023-03-29T13:01:20","modified_gmt":"2023-03-29T11:01:20","slug":"les-missions","status":"publish","type":"page","link":"https:\/\/www.minhdu.gov.cm\/les-missions\/","title":{"rendered":"Missions"},"content":{"rendered":"<p>[et_pb_section fb_built=&#8221;1&#8243; _builder_version=&#8221;4.17.6&#8243; _module_preset=&#8221;default&#8221; background_color=&#8221;rgba(19,193,193,0.02)&#8221; custom_margin=&#8221;||0px||false|false&#8221; custom_padding=&#8221;30px||0px||false|false&#8221; global_colors_info=&#8221;{}&#8221;][et_pb_row _builder_version=&#8221;4.17.6&#8243; _module_preset=&#8221;default&#8221; global_colors_info=&#8221;{}&#8221;][et_pb_column type=&#8221;4_4&#8243; _builder_version=&#8221;4.17.6&#8243; _module_preset=&#8221;default&#8221; global_colors_info=&#8221;{}&#8221;][et_pb_text _builder_version=&#8221;4.18.0&#8243; _module_preset=&#8221;default&#8221; text_font=&#8221;|800|||||||&#8221; text_text_color=&#8221;#000000&#8243; text_font_size=&#8221;28px&#8221; text_orientation=&#8221;center&#8221; custom_margin=&#8221;-30px||30px||false|false&#8221; content_en_us=&#8221;<\/p>\n<p style=%22margin-top: -25px; margin-bottom: -25px%22>The Ministry of Housing and Urban Development is responsible for:<\/p>\n<p>&#8221; text_text_shadow_style=&#8221;preset4&#8243; global_colors_info=&#8221;{}&#8221;]<\/p>\n<p>Le Minist\u00e8re de l&#8217;Habitat et D\u00e9veloppement Urbain est charg\u00e9 de :<\/p>\n<p>[\/et_pb_text][et_pb_text _builder_version=&#8221;4.20.2&#8243; _module_preset=&#8221;default&#8221; text_font=&#8221;Arimo|700|||||||&#8221; text_text_color=&#8221;#004c99&#8243; text_font_size=&#8221;25px&#8221; background_color=&#8221;#FFFFFF&#8221; text_orientation=&#8221;center&#8221; width=&#8221;100%&#8221; min_height=&#8221;90px&#8221; height=&#8221;90px&#8221; custom_margin=&#8221;||||false|false&#8221; custom_padding=&#8221;30px||||false|false&#8221; hover_enabled=&#8221;0&#8243; content_en_us=&#8221;<\/p>\n<p style=%22margin-top: -25px; margin-bottom: -25px%22>Concerning Housing:<\/p>\n<p>&#8221; box_shadow_style=&#8221;preset1&#8243; global_colors_info=&#8221;{}&#8221; transform_styles__hover_enabled=&#8221;on|hover&#8221; transform_scale__hover_enabled=&#8221;on|hover&#8221; transform_translate__hover_enabled=&#8221;on|desktop&#8221; transform_rotate__hover_enabled=&#8221;on|desktop&#8221; transform_skew__hover_enabled=&#8221;on|desktop&#8221; transform_origin__hover_enabled=&#8221;on|desktop&#8221; sticky_enabled=&#8221;0&#8243; transform_scale__hover=&#8221;110%|110%&#8221;]<\/p>\n<p>En Mati\u00e8re d&#8217;Habitat :<\/p>\n<p>[\/et_pb_text][et_pb_text _builder_version=&#8221;4.18.0&#8243; _module_preset=&#8221;default&#8221; text_font=&#8221;|600|||||||&#8221; text_text_color=&#8221;#000000&#8243; text_font_size=&#8221;20px&#8221; text_line_height=&#8221;1.5em&#8221; custom_padding=&#8221;25px||||false|false&#8221; content_en_us=&#8221;<i class=%22fa-solid fa-circle-check%22 style=%22margin-top: -25px; margin-bottom: -25px%22><\/i>  Preparing and implementing a plan to improve housing in urban and rural areas;<\/p>\n<p><i class=%22fa-solid fa-circle-check%22 style=%22margin-top: -25px; margin-bottom: -25px%22><\/i> Implementing the low-cost housing policy;<\/p>\n<p><i class=%22fa-solid fa-circle-check%22 style=%22margin-top: -25px; margin-bottom: -25px%22><\/i> Monitoring compliance with housing standards.&#8221; global_colors_info=&#8221;{}&#8221;]<i class=\"fa-solid fa-circle-check\"><\/i>  De l\u2019\u00e9laboration et de la mise en \u0153uvre d\u2019un plan d\u2019am\u00e9lioration de l\u2019habitat, tant en milieu urbain qu\u2019en milieu rural ;<\/p>\n<p><i class=\"fa-solid fa-circle-check\"><\/i> De la mise en \u0153uvre de la politique d\u2019habitat social ;<\/p>\n<p><i class=\"fa-solid fa-circle-check\"><\/i> Du suivi de l\u2019application des normes en mati\u00e8re d\u2019habitat.[\/et_pb_text][et_pb_text _builder_version=&#8221;4.20.2&#8243; _module_preset=&#8221;default&#8221; text_font=&#8221;Arimo|700|||||||&#8221; text_text_color=&#8221;#004c99&#8243; text_font_size=&#8221;25px&#8221; background_color=&#8221;#FFFFFF&#8221; text_orientation=&#8221;center&#8221; width=&#8221;100%&#8221; min_height=&#8221;90px&#8221; height=&#8221;90px&#8221; custom_margin=&#8221;||||false|false&#8221; custom_padding=&#8221;30px||||false|false&#8221; content_en_us=&#8221;<\/p>\n<p style=%22margin-top: -25px; margin-bottom: -25px%22>Concerning Urban Development:<\/p>\n<p>&#8221; box_shadow_style=&#8221;preset1&#8243; global_colors_info=&#8221;{}&#8221; transform_styles__hover_enabled=&#8221;on|hover&#8221; transform_scale__hover_enabled=&#8221;on|hover&#8221; transform_translate__hover_enabled=&#8221;on|desktop&#8221; transform_rotate__hover_enabled=&#8221;on|desktop&#8221; transform_skew__hover_enabled=&#8221;on|desktop&#8221; transform_origin__hover_enabled=&#8221;on|desktop&#8221; hover_enabled=&#8221;0&#8243; sticky_enabled=&#8221;0&#8243; transform_scale__hover=&#8221;110%|110%&#8221;]<\/p>\n<p>En Mati\u00e8re de Developpement Urbain :<\/p>\n<p>[\/et_pb_text][et_pb_text _builder_version=&#8221;4.18.0&#8243; _module_preset=&#8221;default&#8221; text_font=&#8221;|600|||||||&#8221; text_text_color=&#8221;#000000&#8243; text_font_size=&#8221;20px&#8221; text_line_height=&#8221;1.5em&#8221; custom_padding=&#8221;25px||||false|false&#8221; content_en_us=&#8221;<\/p>\n<p style=%22text-align: justify; margin-top: -25px%22><i class=%22fa-solid fa-circle-check%22><\/i> Preparing and monitoring the implementation of city development and reconstruction strategies, in collaboration with the relevant administrations ;<\/p>\n<p style=%22text-align: justify; %22><i class=%22fa-solid fa-circle-check%22><\/i> Preparing and implementing integrated social development strategies of the various urban centres;<\/p>\n<p style=%22text-align: justify; %22><i class=%22fa-solid fa-circle-check%22><\/i> Preparing and implementing urban infrastructure management strategies, in cooperation with the Ministry of Public Works;<\/p>\n<p style=%22text-align: justify; %22><i class=%22fa-solid fa-circle-check%22><\/i> Preparing and implementing strategies to improve traffic in major urban centres, in cooperation with relevant ministries and Regional and Local Authorities;<\/p>\n<p style=%22text-align: justify; %22><i class=%22fa-solid fa-circle-check%22><\/i> Beautifying urban centres, in cooperation with the relevant ministries and Regional and Local Authorities;<\/p>\n<p style=%22text-align: justify; %22><i class=%22fa-solid fa-circle-check%22><\/i> planning and controlling city development;<\/p>\n<p style=%22text-align: justify; %22><i class=%22fa-solid fa-circle-check%22><\/i> monitoring the preparation of Urban Master Plans of project, in collaboration with Regional and Local Authorities;<\/p>\n<p style=%22text-align: justify; %22><i class=%22fa-solid fa-circle-check%22><\/i> Monitoring in compliance with sanitation and drainage standards;;<\/p>\n<p style=%22text-align: justify; %22><i class=%22fa-solid fa-circle-check%22><\/i> Monitoring in compliance with hygiene and sanitation, removal and\/or treatment of household waste;<\/p>\n<p style=%22text-align: justify; %22><i class=%22fa-solid fa-circle-check%22><\/i> Liaison with international organizations involved in the development of major cities, in cooperation with the Ministry of External Relations ;<\/p>\n<p style=%22text-align: justify; %22><i class=%22fa-solid fa-circle-check%22><\/i> It shall monitor the activities of the Professional Orders of Architects, Town Planners and Surveyors;<\/p>\n<p style=%22text-align: justify; %22><i class=%22fa-solid fa-circle-check%22><\/i> It shall work in close collaboration with Regional and Local Authorities and have supervisory authority over the Cameroon Real Estate Corporation (SIC), projects and bodies contributing to housing and urban development ;<\/p>\n<p style=%22text-align: justify; %22><i class=%22fa-solid fa-circle-check%22><\/i> It shall be assisted by a Secretary of State for housing.<\/p>\n<p>&#8221; global_colors_info=&#8221;{}&#8221;]<\/p>\n<p style=\"text-align: justify;\"><i class=\"fa-solid fa-circle-check\"><\/i> De l\u2019\u00e9laboration et du suivi de la mise en \u0153uvre des strat\u00e9gies d\u2019am\u00e9nagement et de restructuration des villes en relation avec les Administrations concern\u00e9es ;<\/p>\n<p style=\"text-align: justify;\"><i class=\"fa-solid fa-circle-check\"><\/i> De l\u2019\u00e9laboration et de la mise en \u0153uvre des strat\u00e9gies de d\u00e9veloppement social int\u00e9gr\u00e9 des diff\u00e9rentes zones urbaines ;<\/p>\n<p style=\"text-align: justify;\"><i class=\"fa-solid fa-circle-check\"><\/i> De l\u2019\u00e9laboration et de la mise en \u0153uvre des strat\u00e9gies de gestion des infrastructures urbaines en liaison avec le Minist\u00e8re des Travaux Publics ;<\/p>\n<p style=\"text-align: justify;\"><i class=\"fa-solid fa-circle-check\"><\/i> De l\u2019\u00e9laboration et de la mise en \u0153uvre des strat\u00e9gies d\u2019am\u00e9lioration de la circulation dans les grands centres urbains avec les D\u00e9partements Minist\u00e9riels et les Collectivit\u00e9s Territoriales D\u00e9centralis\u00e9es concern\u00e9s ;<\/p>\n<p style=\"text-align: justify;\"><i class=\"fa-solid fa-circle-check\"><\/i> De l\u2019embellissement des centres urbains en liaison avec les D\u00e9partements Minist\u00e9riels et les Collectivit\u00e9s Territoriales D\u00e9centralis\u00e9es int\u00e9ress\u00e9s ;<\/p>\n<p><i class=\"fa-solid fa-circle-check\"><\/i> De la planification et du contr\u00f4le du d\u00e9veloppement des villes ;<\/p>\n<p style=\"text-align: justify;\"><i class=\"fa-solid fa-circle-check\"><\/i> Du suivi de l\u2019\u00e9laboration des plans directeurs des projets d\u2019urbanisation en liaison avec les Collectivit\u00e9s Territoriales D\u00e9centralis\u00e9es ;<\/p>\n<p style=\"text-align: justify;\"><i class=\"fa-solid fa-circle-check\"><\/i> Du suivi de l\u2019application des normes en mati\u00e8re d\u2019assainissement et de drainage ;<\/p>\n<p style=\"text-align: justify;\"><i class=\"fa-solid fa-circle-check\"><\/i> Du suivi du respect des normes en mati\u00e8re d\u2019hygi\u00e8ne et de salubrit\u00e9, d\u2019enl\u00e8vement et\/ou de traitement des ordures m\u00e9nag\u00e8res ;<\/p>\n<p style=\"text-align: justify;\"><i class=\"fa-solid fa-circle-check\"><\/i> De la liaison avec les organisations internationales concern\u00e9es par le d\u00e9veloppement des grandes villes en relation avec le Minist\u00e8re des Relations Ext\u00e9rieures ;<\/p>\n<p style=\"text-align: justify;\"><i class=\"fa-solid fa-circle-check\"><\/i> Il suit les activit\u00e9s des ordres correspondants aux professions d\u2019architecte, d\u2019urbaniste et de g\u00e9om\u00e8tre;<\/p>\n<p style=\"text-align: justify;\"><i class=\"fa-solid fa-circle-check\"><\/i> Il travaille en \u00e9troite collaboration avec les Collectivit\u00e9s Territoriales D\u00e9centralis\u00e9es et exerce la tutelle sur la Soci\u00e9t\u00e9 Immobili\u00e8re du Cameroun (SIC), les projets et les organismes concourant \u00e0 l\u2019am\u00e9nagement des villes et de l\u2019habitat ;<\/p>\n<p><i class=\"fa-solid fa-circle-check\"><\/i> Il est assist\u00e9 d\u2019une Secr\u00e9taire d\u2019Etat charg\u00e9e de l\u2019habitat.[\/et_pb_text][\/et_pb_column][\/et_pb_row][\/et_pb_section]<\/p>\n<span class=\"et_bloom_bottom_trigger\"><\/span>","protected":false},"excerpt":{"rendered":"<p>Le Minist\u00e8re de l&#8217;Habitat et D\u00e9veloppement Urbain est charg\u00e9 de :En Mati\u00e8re d&#8217;Habitat : De l\u2019\u00e9laboration et de la mise en \u0153uvre d\u2019un plan d\u2019am\u00e9lioration de l\u2019habitat, tant en milieu [&hellip;]<\/p>\n","protected":false},"author":2,"featured_media":0,"parent":0,"menu_order":0,"comment_status":"closed","ping_status":"closed","template":"","meta":{"_et_pb_use_builder":"on","_et_pb_old_content":"<!-- wp:divi\/placeholder \/-->","_et_gb_content_width":"","_EventAllDay":false,"_EventTimezone":"","_EventStartDate":"","_EventEndDate":"","_EventStartDateUTC":"","_EventEndDateUTC":"","_EventShowMap":false,"_EventShowMapLink":false,"_EventURL":"","_EventCost":"","_EventCostDescription":"","_EventCurrencySymbol":"","_EventCurrencyCode":"","_EventCurrencyPosition":"","_EventDateTimeSeparator":"","_EventTimeRangeSeparator":"","_EventOrganizerID":[],"_EventVenueID":0,"_OrganizerEmail":"","_OrganizerPhone":"","_OrganizerWebsite":"","_VenueAddress":"","_VenueCity":"","_VenueCountry":"","_VenueProvince":"","_VenueZip":"","_VenuePhone":"","_VenueURL":"","_VenueStateProvince":"","_VenueLat":"","_VenueLng":"","footnotes":""},"folder":[],"class_list":["post-102","page","type-page","status-publish","hentry"],"yoast_head":"<!-- This site is optimized with the Yoast SEO plugin v19.13 - https:\/\/yoast.com\/wordpress\/plugins\/seo\/ -->\n<title>Missions<\/title>\n<meta name=\"robots\" content=\"index, follow, max-snippet:-1, max-image-preview:large, max-video-preview:-1\" \/>\n<link rel=\"canonical\" href=\"https:\/\/www.minhdu.gov.cm\/les-missions\/\" \/>\n<meta property=\"og:locale\" content=\"en_US\" \/>\n<meta property=\"og:type\" content=\"article\" \/>\n<meta property=\"og:title\" content=\"Missions\" \/>\n<meta property=\"og:url\" content=\"https:\/\/www.minhdu.gov.cm\/les-missions\/\" \/>\n<meta property=\"og:site_name\" content=\"MINHDU\" \/>\n<meta property=\"article:publisher\" content=\"https:\/\/www.facebook.com\/cameroun.minhdu\/\" \/>\n<meta property=\"article:modified_time\" content=\"2023-03-29T11:01:20+00:00\" \/>\n<meta name=\"twitter:card\" content=\"summary_large_image\" \/>\n<meta name=\"twitter:site\" content=\"@cameroun_minhdu\" \/>\n<meta name=\"twitter:label1\" content=\"Est. reading time\" \/>\n\t<meta name=\"twitter:data1\" content=\"5 minutes\" \/>\n<script type=\"application\/ld+json\" class=\"yoast-schema-graph\">{\"@context\":\"https:\/\/schema.org\",\"@graph\":[{\"@type\":\"WebPage\",\"@id\":\"https:\/\/www.minhdu.gov.cm\/les-missions\/\",\"url\":\"https:\/\/www.minhdu.gov.cm\/les-missions\/\",\"name\":\"Les Missions - MINHDU\",\"isPartOf\":{\"@id\":\"https:\/\/www.minhdu.gov.cm\/#website\"},\"datePublished\":\"2022-06-16T07:55:00+00:00\",\"dateModified\":\"2023-03-29T11:01:20+00:00\",\"breadcrumb\":{\"@id\":\"https:\/\/www.minhdu.gov.cm\/les-missions\/#breadcrumb\"},\"inLanguage\":\"en-US\",\"potentialAction\":[{\"@type\":\"ReadAction\",\"target\":[\"https:\/\/www.minhdu.gov.cm\/les-missions\/\"]}]},{\"@type\":\"BreadcrumbList\",\"@id\":\"https:\/\/www.minhdu.gov.cm\/les-missions\/#breadcrumb\",\"itemListElement\":[{\"@type\":\"ListItem\",\"position\":1,\"name\":\"Home\",\"item\":\"https:\/\/www.minhdu.gov.cm\/\"},{\"@type\":\"ListItem\",\"position\":2,\"name\":\"Les Missions\"}]},{\"@type\":\"WebSite\",\"@id\":\"https:\/\/www.minhdu.gov.cm\/#website\",\"url\":\"https:\/\/www.minhdu.gov.cm\/\",\"name\":\"MINHDU\",\"description\":\"\",\"publisher\":{\"@id\":\"https:\/\/www.minhdu.gov.cm\/#organization\"},\"potentialAction\":[{\"@type\":\"SearchAction\",\"target\":{\"@type\":\"EntryPoint\",\"urlTemplate\":\"https:\/\/www.minhdu.gov.cm\/?s={search_term_string}\"},\"query-input\":\"required name=search_term_string\"}],\"inLanguage\":\"en-US\"},{\"@type\":\"Organization\",\"@id\":\"https:\/\/www.minhdu.gov.cm\/#organization\",\"name\":\"MINHDU\",\"url\":\"https:\/\/www.minhdu.gov.cm\/\",\"logo\":{\"@type\":\"ImageObject\",\"inLanguage\":\"en-US\",\"@id\":\"https:\/\/www.minhdu.gov.cm\/#\/schema\/logo\/image\/\",\"url\":\"https:\/\/www.minhdu.gov.cm\/wp-content\/uploads\/2022\/06\/minhdu2.png\",\"contentUrl\":\"https:\/\/www.minhdu.gov.cm\/wp-content\/uploads\/2022\/06\/minhdu2.png\",\"width\":250,\"height\":250,\"caption\":\"MINHDU\"},\"image\":{\"@id\":\"https:\/\/www.minhdu.gov.cm\/#\/schema\/logo\/image\/\"},\"sameAs\":[\"https:\/\/www.facebook.com\/cameroun.minhdu\/\",\"https:\/\/twitter.com\/cameroun_minhdu\"]}]}<\/script>\n<!-- \/ Yoast SEO plugin. -->","yoast_head_json":{"title":"Missions","robots":{"index":"index","follow":"follow","max-snippet":"max-snippet:-1","max-image-preview":"max-image-preview:large","max-video-preview":"max-video-preview:-1"},"canonical":"https:\/\/www.minhdu.gov.cm\/les-missions\/","og_locale":"en_US","og_type":"article","og_title":"Missions","og_url":"https:\/\/www.minhdu.gov.cm\/les-missions\/","og_site_name":"MINHDU","article_publisher":"https:\/\/www.facebook.com\/cameroun.minhdu\/","article_modified_time":"2023-03-29T11:01:20+00:00","twitter_card":"summary_large_image","twitter_site":"@cameroun_minhdu","twitter_misc":{"Est. reading time":"5 minutes"},"schema":{"@context":"https:\/\/schema.org","@graph":[{"@type":"WebPage","@id":"https:\/\/www.minhdu.gov.cm\/les-missions\/","url":"https:\/\/www.minhdu.gov.cm\/les-missions\/","name":"Les Missions - MINHDU","isPartOf":{"@id":"https:\/\/www.minhdu.gov.cm\/#website"},"datePublished":"2022-06-16T07:55:00+00:00","dateModified":"2023-03-29T11:01:20+00:00","breadcrumb":{"@id":"https:\/\/www.minhdu.gov.cm\/les-missions\/#breadcrumb"},"inLanguage":"en-US","potentialAction":[{"@type":"ReadAction","target":["https:\/\/www.minhdu.gov.cm\/les-missions\/"]}]},{"@type":"BreadcrumbList","@id":"https:\/\/www.minhdu.gov.cm\/les-missions\/#breadcrumb","itemListElement":[{"@type":"ListItem","position":1,"name":"Home","item":"https:\/\/www.minhdu.gov.cm\/"},{"@type":"ListItem","position":2,"name":"Les Missions"}]},{"@type":"WebSite","@id":"https:\/\/www.minhdu.gov.cm\/#website","url":"https:\/\/www.minhdu.gov.cm\/","name":"MINHDU","description":"","publisher":{"@id":"https:\/\/www.minhdu.gov.cm\/#organization"},"potentialAction":[{"@type":"SearchAction","target":{"@type":"EntryPoint","urlTemplate":"https:\/\/www.minhdu.gov.cm\/?s={search_term_string}"},"query-input":"required name=search_term_string"}],"inLanguage":"en-US"},{"@type":"Organization","@id":"https:\/\/www.minhdu.gov.cm\/#organization","name":"MINHDU","url":"https:\/\/www.minhdu.gov.cm\/","logo":{"@type":"ImageObject","inLanguage":"en-US","@id":"https:\/\/www.minhdu.gov.cm\/#\/schema\/logo\/image\/","url":"https:\/\/www.minhdu.gov.cm\/wp-content\/uploads\/2022\/06\/minhdu2.png","contentUrl":"https:\/\/www.minhdu.gov.cm\/wp-content\/uploads\/2022\/06\/minhdu2.png","width":250,"height":250,"caption":"MINHDU"},"image":{"@id":"https:\/\/www.minhdu.gov.cm\/#\/schema\/logo\/image\/"},"sameAs":["https:\/\/www.facebook.com\/cameroun.minhdu\/","https:\/\/twitter.com\/cameroun_minhdu"]}]}},"_links":{"self":[{"href":"https:\/\/www.minhdu.gov.cm\/wp-json\/wp\/v2\/pages\/102","targetHints":{"allow":["GET"]}}],"collection":[{"href":"https:\/\/www.minhdu.gov.cm\/wp-json\/wp\/v2\/pages"}],"about":[{"href":"https:\/\/www.minhdu.gov.cm\/wp-json\/wp\/v2\/types\/page"}],"author":[{"embeddable":true,"href":"https:\/\/www.minhdu.gov.cm\/wp-json\/wp\/v2\/users\/2"}],"replies":[{"embeddable":true,"href":"https:\/\/www.minhdu.gov.cm\/wp-json\/wp\/v2\/comments?post=102"}],"version-history":[{"count":59,"href":"https:\/\/www.minhdu.gov.cm\/wp-json\/wp\/v2\/pages\/102\/revisions"}],"predecessor-version":[{"id":19392,"href":"https:\/\/www.minhdu.gov.cm\/wp-json\/wp\/v2\/pages\/102\/revisions\/19392"}],"wp:attachment":[{"href":"https:\/\/www.minhdu.gov.cm\/wp-json\/wp\/v2\/media?parent=102"}],"wp:term":[{"taxonomy":"folder","embeddable":true,"href":"https:\/\/www.minhdu.gov.cm\/wp-json\/wp\/v2\/folder?post=102"}],"curies":[{"name":"wp","href":"https:\/\/api.w.org\/{rel}","templated":true}]}}