{"id":3804,"date":"2022-07-06T12:10:15","date_gmt":"2022-07-06T10:10:15","guid":{"rendered":"http:\/\/192.168.108.1\/?page_id=3804"},"modified":"2022-07-27T15:55:56","modified_gmt":"2022-07-27T13:55:56","slug":"les-inspections","status":"publish","type":"page","link":"https:\/\/www.minhdu.gov.cm\/le-ministere\/services-du-minhdu\/les-inspections\/","title":{"rendered":"Inspections"},"content":{"rendered":"<p>[et_pb_section fb_built=&#8221;1&#8243; _builder_version=&#8221;4.17.4&#8243; _module_preset=&#8221;default&#8221; global_colors_info=&#8221;{}&#8221;][et_pb_row column_structure=&#8221;2_3,1_3&#8243; _builder_version=&#8221;4.17.6&#8243; _module_preset=&#8221;default&#8221; width=&#8221;90%&#8221; max_width=&#8221;90%&#8221; global_colors_info=&#8221;{}&#8221;][et_pb_column type=&#8221;2_3&#8243; _builder_version=&#8221;4.17.6&#8243; _module_preset=&#8221;default&#8221; global_colors_info=&#8221;{}&#8221;][et_pb_text _builder_version=&#8221;4.17.6&#8243; _module_preset=&#8221;default&#8221; text_font=&#8221;Arimo|700|||||||&#8221; text_text_color=&#8221;#004c99&#8243; text_font_size=&#8221;25px&#8221; background_color=&#8221;#FFFFFF&#8221; text_orientation=&#8221;center&#8221; width=&#8221;100%&#8221; min_height=&#8221;90px&#8221; height=&#8221;90px&#8221; custom_margin=&#8221;-51px||||false|false&#8221; custom_padding=&#8221;30px||||false|false&#8221; box_shadow_style=&#8221;preset1&#8243; global_colors_info=&#8221;{}&#8221;]<\/p>\n<p>L&#8217;Inspection G\u00e9n\u00e9rale comprend:<\/p>\n<p>[\/et_pb_text][et_pb_toggle title=&#8221;L&#8217;Inspection G\u00e9n\u00e9rale charg\u00e9e des Questions Administratives (IGQA)&#8221; open=&#8221;on&#8221; open_toggle_text_color=&#8221;#004c99&#8243; open_toggle_background_color=&#8221;#FFFFFF&#8221; closed_toggle_background_color=&#8221;#FFFFFF&#8221; icon_color=&#8221;#004c99&#8243; toggle_icon=&#8221;&#xe04c;||divi||400&#8243; open_icon_color=&#8221;#004c99&#8243; open_toggle_icon=&#8221;&#x46;||divi||400&#8243; _builder_version=&#8221;4.17.6&#8243; _module_preset=&#8221;default&#8221; title_text_color=&#8221;#004c99&#8243; title_level=&#8221;h3&#8243; title_font=&#8221;|800||on|||||&#8221; title_text_align=&#8221;left&#8221; title_font_size=&#8221;16px&#8221; title_letter_spacing=&#8221;1px&#8221; body_font=&#8221;|600|||||||&#8221; body_text_align=&#8221;left&#8221; body_text_color=&#8221;#000000&#8243; body_font_size=&#8221;16px&#8221; text_orientation=&#8221;justified&#8221; custom_margin=&#8221;-12px|0px||0px|false|false&#8221; custom_padding=&#8221;|0px|0px|0px|false|false&#8221; title_font_size_tablet=&#8221;15px&#8221; title_font_size_phone=&#8221;12px&#8221; title_font_size_last_edited=&#8221;on|desktop&#8221; body_font_size_tablet=&#8221;16px&#8221; body_font_size_phone=&#8221;16px&#8221; body_font_size_last_edited=&#8221;on|desktop&#8221; body_line_height_tablet=&#8221;&#8221; body_line_height_phone=&#8221;1.7em&#8221; body_line_height_last_edited=&#8221;on|phone&#8221; custom_css_main_element=&#8221;border : 1px solid darkgray !important;||border-radius : 6px !important;&#8221; custom_css_toggle_title=&#8221;border : 1px solid darkgray !important;||border-radius : 5px;||padding : 15px !important;||margin-top : -20px !important;&#8221; custom_css_toggle_icon=&#8221;margin-right : 18px !important;&#8221; custom_css_toggle_content=&#8221;margin : 20px;||padding:0px !important;&#8221; border_radii=&#8221;off||||&#8221; border_color_bottom=&#8221;#FFFFFF&#8221; box_shadow_style=&#8221;preset1&#8243; global_colors_info=&#8221;{}&#8221; custom_css_toggle_title_tablet=&#8221;border : 1px solid darkgray !important;||border-radius : 5px;||padding : 15px !important;||margin-top : -20px !important;||width: 100% !important;||background-color : #e5e5e5;&#8221; custom_css_toggle_title_phone=&#8221;border : 1px solid darkgray !important;||border-radius : 5px;||padding : 15px !important;||margin-top : -20px !important;||width: 100% !important;||background-color : #e5e5e5;&#8221; custom_css_toggle_title_last_edited=&#8221;on|phone&#8221; custom_css_toggle_icon_tablet=&#8221;margin-right : 18px !important;&#8221; custom_css_toggle_icon_phone=&#8221;margin-right : 7px !important;&#8221; custom_css_toggle_icon_last_edited=&#8221;on|phone&#8221;]<\/p>\n<p style=\"text-align: justify;\"><strong>L&#8217;Inspection G\u00e9n\u00e9rale charg\u00e9e des Questions Administratives (IGQA)<\/strong> est charg\u00e9e :<\/p>\n<p><i class=\"fa-solid fa-circle-check\"><\/i> De l&#8217;\u00e9valuation des performances des services par rapport aux objectifs fix\u00e9s, en liaison avec le Secr\u00e9taire G\u00e9n\u00e9ral ;<br \/>\n<i class=\"fa-solid fa-circle-check\"><\/i> Du contr\u00f4le interne et de l&#8217;\u00e9valuation du fonctionnement des services centraux et d\u00e9concentr\u00e9s, des \u00e9tablissements sous tutelle ainsi que des organismes et projets rattach\u00e9s ;<\/p>\n<p><i class=\"fa-solid fa-circle-check\"><\/i> De l&#8217;information du Ministre sur la qualit\u00e9 du fonctionnement et du rendement des services ;<\/p>\n<p><i class=\"fa-solid fa-circle-check\"><\/i> De l&#8217;\u00e9valuation r\u00e9guli\u00e8re de l&#8217;application des techniques d&#8217;organisation et m\u00e9thodes ainsi que de la simplification du travail administratif, en liaison avec les services comp\u00e9tents du Minist\u00e8re charg\u00e9 de la fonction publique ;<\/p>\n<p><i class=\"fa-solid fa-circle-check\"><\/i> De la mise en \u0153uvre de la strat\u00e9gie de lutte contre la corruption au sein du Minist\u00e8re, en liaison avec la Cellule minist\u00e9rielle de lutte contre la corruption.<\/p>\n<p style=\"text-align: justify;\">L&#8217; Inspection G\u00e9n\u00e9rale charg\u00e9e des Questions Administratives comprend deux Inspecteurs.<\/p>\n<p>[\/et_pb_toggle][et_pb_toggle title=&#8221;L&#8217;Inspection G\u00e9n\u00e9rale charg\u00e9e des Questions Techniques (IGQT)&#8221; open_toggle_text_color=&#8221;#004c99&#8243; open_toggle_background_color=&#8221;#FFFFFF&#8221; closed_toggle_background_color=&#8221;#FFFFFF&#8221; icon_color=&#8221;#004c99&#8243; toggle_icon=&#8221;&#xe04c;||divi||400&#8243; open_icon_color=&#8221;#004c99&#8243; open_toggle_icon=&#8221;&#x46;||divi||400&#8243; _builder_version=&#8221;4.17.6&#8243; _module_preset=&#8221;default&#8221; title_text_color=&#8221;#004c99&#8243; title_level=&#8221;h3&#8243; title_font=&#8221;|800||on|||||&#8221; title_text_align=&#8221;left&#8221; title_font_size=&#8221;16px&#8221; title_letter_spacing=&#8221;1px&#8221; body_font=&#8221;|600|||||||&#8221; body_text_align=&#8221;left&#8221; body_text_color=&#8221;#000000&#8243; body_font_size=&#8221;16px&#8221; text_orientation=&#8221;justified&#8221; custom_margin=&#8221;-12px|0px||0px|false|false&#8221; custom_padding=&#8221;|0px|0px|0px|false|false&#8221; title_font_size_tablet=&#8221;15px&#8221; title_font_size_phone=&#8221;12px&#8221; title_font_size_last_edited=&#8221;on|desktop&#8221; body_font_size_tablet=&#8221;16px&#8221; body_font_size_phone=&#8221;16px&#8221; body_font_size_last_edited=&#8221;on|desktop&#8221; body_line_height_tablet=&#8221;&#8221; body_line_height_phone=&#8221;1.7em&#8221; body_line_height_last_edited=&#8221;on|phone&#8221; custom_css_main_element=&#8221;border : 1px solid darkgray !important;||border-radius : 6px !important;&#8221; custom_css_toggle_title=&#8221;border : 1px solid darkgray !important;||border-radius : 5px;||padding : 15px !important;||margin-top : -20px !important;&#8221; custom_css_toggle_icon=&#8221;margin-right : 18px !important;&#8221; custom_css_toggle_content=&#8221;margin : 20px;||padding:0px !important;&#8221; border_radii=&#8221;off||||&#8221; border_color_bottom=&#8221;#FFFFFF&#8221; box_shadow_style=&#8221;preset1&#8243; global_colors_info=&#8221;{}&#8221; custom_css_toggle_title_tablet=&#8221;border : 1px solid darkgray !important;||border-radius : 5px;||padding : 15px !important;||margin-top : -20px !important;||width: 100% !important;||background-color : #e5e5e5;&#8221; custom_css_toggle_title_phone=&#8221;border : 1px solid darkgray !important;||border-radius : 5px;||padding : 15px !important;||margin-top : -20px !important;||width: 100% !important;||background-color : #e5e5e5;&#8221; custom_css_toggle_title_last_edited=&#8221;on|phone&#8221; custom_css_toggle_icon_tablet=&#8221;margin-right : 18px !important;&#8221; custom_css_toggle_icon_phone=&#8221;margin-right : 7px !important;&#8221; custom_css_toggle_icon_last_edited=&#8221;on|phone&#8221;]<strong>L&#8217;Inspection G\u00e9n\u00e9rale charg\u00e9e des Questions Techniques (IGQT)<\/strong> est charg\u00e9e :<\/p>\n<ul style=\"list-style-type: none;\">\n\t<i class=\"fa-solid fa-circle-check\"><\/i> Du contr\u00f4le et de l&#8217;\u00e9valuation des investissements publics dans le cadre de la mise en \u0153uvre de la politique gouvernementale en mati\u00e8re dhabitat et de d\u00e9veloppement urbain ;<\/li>\n<p>\t<i class=\"fa-solid fa-circle-check\"><\/i> Du contr\u00f4le et de l&#8217;\u00e9valuation de l&#8217;ex\u00e9cution des projets \u00e0 financement conjoint, interne et externe ;<\/li>\n<p>\t<i class=\"fa-solid fa-circle-check\"><\/i> De l&#8217;\u00e9valuation des enqu\u00eates et des statistiques en mati\u00e8re d&#8217;habitat et de d\u00e9veloppement urbain ;<\/li>\n<p>\t<i class=\"fa-solid fa-circle-check\"><\/i> Du contr\u00f4le des organismes plac\u00e9s sous la tutelle du Minist\u00e8re ;<\/li>\n<p>\t<i class=\"fa-solid fa-circle-check\"><\/i> De l&#8217;\u00e9valuation des strat\u00e9gies et des modalit\u00e9s de garantie de la s\u00e9curisation de l&#8217;habitat ;<\/li>\n<p>\t<i class=\"fa-solid fa-circle-check\"><\/i> Du contr\u00f4le de la conformit\u00e9 aux normes en mati\u00e8re d&#8217;habitat et de d\u00e9veloppement urbain ;<\/li>\n<p>\t<i class=\"fa-solid fa-circle-check\"><\/i> De l&#8217;exploitation des rapports d&#8217;audit technique des programmes et projets de d\u00e9veloppement et de promotion de l&#8217;habitat et de d\u00e9veloppement urbain ;<\/li>\n<p>\t<i class=\"fa-solid fa-circle-check\"><\/i> Du contr\u00f4le et de l&#8217;\u00e9valuation des op\u00e9rations urbaines ;<\/li>\n<p>\t<i class=\"fa-solid fa-circle-check\"><\/i> De l&#8217;\u00e9valuation s\u00e9quentielle des performances sectorielles en mati\u00e8re d&#8217;habitat et de d\u00e9veloppement urbain.<\/li>\n<\/ul>\n<p style=\"text-align: justify;\">L&#8217; Inspection G\u00e9n\u00e9rale charg\u00e9e des Questions Techniques comprend deux Inspecteurs.<\/p>\n<p>[\/et_pb_toggle][\/et_pb_column][et_pb_column type=&#8221;1_3&#8243; _builder_version=&#8221;4.17.6&#8243; _module_preset=&#8221;default&#8221; global_colors_info=&#8221;{}&#8221;][dsm_menu title=&#8221;Tous les Services&#8221; title_bottom_gap=&#8221;20px&#8221; menu_id=&#8221;45&#8243; menu_link_text_color=&#8221;#FFFFFF&#8221; menu_space_between=&#8221;8px&#8221; list_style_type=&#8221;none&#8221; menu_left_space=&#8221;50px&#8221; _builder_version=&#8221;4.17.6&#8243; _module_preset=&#8221;default&#8221; header_level=&#8221;h1&#8243; header_font=&#8221;Montserrat|700|||||||&#8221; header_text_align=&#8221;center&#8221; header_text_color=&#8221;#EDF000&#8243; header_font_size=&#8221;35px&#8221; header_letter_spacing=&#8221;1px&#8221; menu_font=&#8221;Montserrat|700|||||||&#8221; menu_font_size=&#8221;17px&#8221; menu_letter_spacing=&#8221;1px&#8221; sub_menu_font=&#8221;Montserrat||||||||&#8221; background_color=&#8221;#004c99&#8243; min_height=&#8221;228px&#8221; custom_margin=&#8221;10px||||false|false&#8221; custom_padding=&#8221;20px||||false|false&#8221; hover_enabled=&#8221;0&#8243; box_shadow_style=&#8221;preset1&#8243; global_colors_info=&#8221;{}&#8221; theme_builder_area=&#8221;post_content&#8221; sticky_enabled=&#8221;0&#8243;][\/dsm_menu][\/et_pb_column][\/et_pb_row][\/et_pb_section]<\/p>\n<span class=\"et_bloom_bottom_trigger\"><\/span>","protected":false},"excerpt":{"rendered":"<p>L&#8217;Inspection G\u00e9n\u00e9rale comprend:L&#8217;Inspection G\u00e9n\u00e9rale charg\u00e9e des Questions Administratives (IGQA) est charg\u00e9e : De l&#8217;\u00e9valuation des performances des services par rapport aux objectifs fix\u00e9s, en liaison avec le Secr\u00e9taire G\u00e9n\u00e9ral ; [&hellip;]<\/p>\n","protected":false},"author":2,"featured_media":0,"parent":6787,"menu_order":0,"comment_status":"closed","ping_status":"closed","template":"","meta":{"_et_pb_use_builder":"on","_et_pb_old_content":"<!-- wp:divi\/placeholder \/-->","_et_gb_content_width":"","_EventAllDay":false,"_EventTimezone":"","_EventStartDate":"","_EventEndDate":"","_EventStartDateUTC":"","_EventEndDateUTC":"","_EventShowMap":false,"_EventShowMapLink":false,"_EventURL":"","_EventCost":"","_EventCostDescription":"","_EventCurrencySymbol":"","_EventCurrencyCode":"","_EventCurrencyPosition":"","_EventDateTimeSeparator":"","_EventTimeRangeSeparator":"","_EventOrganizerID":[],"_EventVenueID":0,"_OrganizerEmail":"","_OrganizerPhone":"","_OrganizerWebsite":"","_VenueAddress":"","_VenueCity":"","_VenueCountry":"","_VenueProvince":"","_VenueZip":"","_VenuePhone":"","_VenueURL":"","_VenueStateProvince":"","_VenueLat":"","_VenueLng":"","footnotes":""},"folder":[],"class_list":["post-3804","page","type-page","status-publish","hentry"],"yoast_head":"<!-- This site is optimized with the Yoast SEO plugin v19.13 - https:\/\/yoast.com\/wordpress\/plugins\/seo\/ -->\n<title>Inspections<\/title>\n<meta name=\"robots\" content=\"index, follow, max-snippet:-1, max-image-preview:large, max-video-preview:-1\" \/>\n<link rel=\"canonical\" href=\"https:\/\/www.minhdu.gov.cm\/le-ministere\/services-du-minhdu\/les-inspections\/\" \/>\n<meta property=\"og:locale\" content=\"en_US\" \/>\n<meta property=\"og:type\" content=\"article\" \/>\n<meta property=\"og:title\" content=\"Inspections\" \/>\n<meta property=\"og:url\" content=\"https:\/\/www.minhdu.gov.cm\/le-ministere\/services-du-minhdu\/les-inspections\/\" \/>\n<meta property=\"og:site_name\" content=\"MINHDU\" \/>\n<meta property=\"article:publisher\" content=\"https:\/\/www.facebook.com\/cameroun.minhdu\/\" \/>\n<meta property=\"article:modified_time\" content=\"2022-07-27T13:55:56+00:00\" \/>\n<meta name=\"twitter:card\" content=\"summary_large_image\" \/>\n<meta name=\"twitter:site\" content=\"@cameroun_minhdu\" \/>\n<meta name=\"twitter:label1\" content=\"Est. reading time\" \/>\n\t<meta name=\"twitter:data1\" content=\"6 minutes\" \/>\n<script type=\"application\/ld+json\" class=\"yoast-schema-graph\">{\"@context\":\"https:\/\/schema.org\",\"@graph\":[{\"@type\":\"WebPage\",\"@id\":\"https:\/\/www.minhdu.gov.cm\/le-ministere\/services-du-minhdu\/les-inspections\/\",\"url\":\"https:\/\/www.minhdu.gov.cm\/le-ministere\/services-du-minhdu\/les-inspections\/\",\"name\":\"L'Inspection G\u00e9n\u00e9rale - MINHDU\",\"isPartOf\":{\"@id\":\"https:\/\/www.minhdu.gov.cm\/#website\"},\"datePublished\":\"2022-07-06T10:10:15+00:00\",\"dateModified\":\"2022-07-27T13:55:56+00:00\",\"breadcrumb\":{\"@id\":\"https:\/\/www.minhdu.gov.cm\/le-ministere\/services-du-minhdu\/les-inspections\/#breadcrumb\"},\"inLanguage\":\"en-US\",\"potentialAction\":[{\"@type\":\"ReadAction\",\"target\":[\"https:\/\/www.minhdu.gov.cm\/le-ministere\/services-du-minhdu\/les-inspections\/\"]}]},{\"@type\":\"BreadcrumbList\",\"@id\":\"https:\/\/www.minhdu.gov.cm\/le-ministere\/services-du-minhdu\/les-inspections\/#breadcrumb\",\"itemListElement\":[{\"@type\":\"ListItem\",\"position\":1,\"name\":\"Home\",\"item\":\"https:\/\/www.minhdu.gov.cm\/\"},{\"@type\":\"ListItem\",\"position\":2,\"name\":\"Le Minist\u00e8re\",\"item\":\"https:\/\/www.minhdu.gov.cm\/le-ministere\/\"},{\"@type\":\"ListItem\",\"position\":3,\"name\":\"Services du MINHDU\",\"item\":\"https:\/\/www.minhdu.gov.cm\/le-ministere\/services-du-minhdu\/\"},{\"@type\":\"ListItem\",\"position\":4,\"name\":\"L&rsquo;Inspection G\u00e9n\u00e9rale\"}]},{\"@type\":\"WebSite\",\"@id\":\"https:\/\/www.minhdu.gov.cm\/#website\",\"url\":\"https:\/\/www.minhdu.gov.cm\/\",\"name\":\"MINHDU\",\"description\":\"\",\"publisher\":{\"@id\":\"https:\/\/www.minhdu.gov.cm\/#organization\"},\"potentialAction\":[{\"@type\":\"SearchAction\",\"target\":{\"@type\":\"EntryPoint\",\"urlTemplate\":\"https:\/\/www.minhdu.gov.cm\/?s={search_term_string}\"},\"query-input\":\"required name=search_term_string\"}],\"inLanguage\":\"en-US\"},{\"@type\":\"Organization\",\"@id\":\"https:\/\/www.minhdu.gov.cm\/#organization\",\"name\":\"MINHDU\",\"url\":\"https:\/\/www.minhdu.gov.cm\/\",\"logo\":{\"@type\":\"ImageObject\",\"inLanguage\":\"en-US\",\"@id\":\"https:\/\/www.minhdu.gov.cm\/#\/schema\/logo\/image\/\",\"url\":\"https:\/\/www.minhdu.gov.cm\/wp-content\/uploads\/2022\/06\/minhdu2.png\",\"contentUrl\":\"https:\/\/www.minhdu.gov.cm\/wp-content\/uploads\/2022\/06\/minhdu2.png\",\"width\":250,\"height\":250,\"caption\":\"MINHDU\"},\"image\":{\"@id\":\"https:\/\/www.minhdu.gov.cm\/#\/schema\/logo\/image\/\"},\"sameAs\":[\"https:\/\/www.facebook.com\/cameroun.minhdu\/\",\"https:\/\/twitter.com\/cameroun_minhdu\"]}]}<\/script>\n<!-- \/ Yoast SEO plugin. -->","yoast_head_json":{"title":"Inspections","robots":{"index":"index","follow":"follow","max-snippet":"max-snippet:-1","max-image-preview":"max-image-preview:large","max-video-preview":"max-video-preview:-1"},"canonical":"https:\/\/www.minhdu.gov.cm\/le-ministere\/services-du-minhdu\/les-inspections\/","og_locale":"en_US","og_type":"article","og_title":"Inspections","og_url":"https:\/\/www.minhdu.gov.cm\/le-ministere\/services-du-minhdu\/les-inspections\/","og_site_name":"MINHDU","article_publisher":"https:\/\/www.facebook.com\/cameroun.minhdu\/","article_modified_time":"2022-07-27T13:55:56+00:00","twitter_card":"summary_large_image","twitter_site":"@cameroun_minhdu","twitter_misc":{"Est. reading time":"6 minutes"},"schema":{"@context":"https:\/\/schema.org","@graph":[{"@type":"WebPage","@id":"https:\/\/www.minhdu.gov.cm\/le-ministere\/services-du-minhdu\/les-inspections\/","url":"https:\/\/www.minhdu.gov.cm\/le-ministere\/services-du-minhdu\/les-inspections\/","name":"L'Inspection G\u00e9n\u00e9rale - MINHDU","isPartOf":{"@id":"https:\/\/www.minhdu.gov.cm\/#website"},"datePublished":"2022-07-06T10:10:15+00:00","dateModified":"2022-07-27T13:55:56+00:00","breadcrumb":{"@id":"https:\/\/www.minhdu.gov.cm\/le-ministere\/services-du-minhdu\/les-inspections\/#breadcrumb"},"inLanguage":"en-US","potentialAction":[{"@type":"ReadAction","target":["https:\/\/www.minhdu.gov.cm\/le-ministere\/services-du-minhdu\/les-inspections\/"]}]},{"@type":"BreadcrumbList","@id":"https:\/\/www.minhdu.gov.cm\/le-ministere\/services-du-minhdu\/les-inspections\/#breadcrumb","itemListElement":[{"@type":"ListItem","position":1,"name":"Home","item":"https:\/\/www.minhdu.gov.cm\/"},{"@type":"ListItem","position":2,"name":"Le Minist\u00e8re","item":"https:\/\/www.minhdu.gov.cm\/le-ministere\/"},{"@type":"ListItem","position":3,"name":"Services du MINHDU","item":"https:\/\/www.minhdu.gov.cm\/le-ministere\/services-du-minhdu\/"},{"@type":"ListItem","position":4,"name":"L&rsquo;Inspection G\u00e9n\u00e9rale"}]},{"@type":"WebSite","@id":"https:\/\/www.minhdu.gov.cm\/#website","url":"https:\/\/www.minhdu.gov.cm\/","name":"MINHDU","description":"","publisher":{"@id":"https:\/\/www.minhdu.gov.cm\/#organization"},"potentialAction":[{"@type":"SearchAction","target":{"@type":"EntryPoint","urlTemplate":"https:\/\/www.minhdu.gov.cm\/?s={search_term_string}"},"query-input":"required name=search_term_string"}],"inLanguage":"en-US"},{"@type":"Organization","@id":"https:\/\/www.minhdu.gov.cm\/#organization","name":"MINHDU","url":"https:\/\/www.minhdu.gov.cm\/","logo":{"@type":"ImageObject","inLanguage":"en-US","@id":"https:\/\/www.minhdu.gov.cm\/#\/schema\/logo\/image\/","url":"https:\/\/www.minhdu.gov.cm\/wp-content\/uploads\/2022\/06\/minhdu2.png","contentUrl":"https:\/\/www.minhdu.gov.cm\/wp-content\/uploads\/2022\/06\/minhdu2.png","width":250,"height":250,"caption":"MINHDU"},"image":{"@id":"https:\/\/www.minhdu.gov.cm\/#\/schema\/logo\/image\/"},"sameAs":["https:\/\/www.facebook.com\/cameroun.minhdu\/","https:\/\/twitter.com\/cameroun_minhdu"]}]}},"_links":{"self":[{"href":"https:\/\/www.minhdu.gov.cm\/wp-json\/wp\/v2\/pages\/3804","targetHints":{"allow":["GET"]}}],"collection":[{"href":"https:\/\/www.minhdu.gov.cm\/wp-json\/wp\/v2\/pages"}],"about":[{"href":"https:\/\/www.minhdu.gov.cm\/wp-json\/wp\/v2\/types\/page"}],"author":[{"embeddable":true,"href":"https:\/\/www.minhdu.gov.cm\/wp-json\/wp\/v2\/users\/2"}],"replies":[{"embeddable":true,"href":"https:\/\/www.minhdu.gov.cm\/wp-json\/wp\/v2\/comments?post=3804"}],"version-history":[{"count":21,"href":"https:\/\/www.minhdu.gov.cm\/wp-json\/wp\/v2\/pages\/3804\/revisions"}],"predecessor-version":[{"id":9506,"href":"https:\/\/www.minhdu.gov.cm\/wp-json\/wp\/v2\/pages\/3804\/revisions\/9506"}],"up":[{"embeddable":true,"href":"https:\/\/www.minhdu.gov.cm\/wp-json\/wp\/v2\/pages\/6787"}],"wp:attachment":[{"href":"https:\/\/www.minhdu.gov.cm\/wp-json\/wp\/v2\/media?parent=3804"}],"wp:term":[{"taxonomy":"folder","embeddable":true,"href":"https:\/\/www.minhdu.gov.cm\/wp-json\/wp\/v2\/folder?post=3804"}],"curies":[{"name":"wp","href":"https:\/\/api.w.org\/{rel}","templated":true}]}}