{"id":7065,"date":"2022-07-27T14:49:03","date_gmt":"2022-07-27T12:49:03","guid":{"rendered":"http:\/\/192.168.108.1\/?page_id=7065"},"modified":"2022-07-27T16:04:15","modified_gmt":"2022-07-27T14:04:15","slug":"secretaires-particuliers","status":"publish","type":"page","link":"https:\/\/www.minhdu.gov.cm\/le-ministere\/services-du-minhdu\/secretaires-particuliers\/","title":{"rendered":"Secr\u00e9taires Particuliers"},"content":{"rendered":"<p>[et_pb_section fb_built=&#8221;1&#8243; _builder_version=&#8221;4.17.6&#8243; _module_preset=&#8221;default&#8221; global_colors_info=&#8221;{}&#8221;][et_pb_row column_structure=&#8221;2_3,1_3&#8243; _builder_version=&#8221;4.17.6&#8243; _module_preset=&#8221;default&#8221; width=&#8221;90%&#8221; max_width=&#8221;90%&#8221; global_colors_info=&#8221;{}&#8221;][et_pb_column type=&#8221;2_3&#8243; _builder_version=&#8221;4.17.6&#8243; _module_preset=&#8221;default&#8221; global_colors_info=&#8221;{}&#8221;][et_pb_text _builder_version=&#8221;4.17.6&#8243; _module_preset=&#8221;default&#8221; text_font=&#8221;Arimo|700|||||||&#8221; text_text_color=&#8221;#004c99&#8243; text_font_size=&#8221;22px&#8221; text_line_height=&#8221;1.8em&#8221; background_color=&#8221;#FFFFFF&#8221; text_orientation=&#8221;center&#8221; width=&#8221;100%&#8221; min_height=&#8221;90px&#8221; height=&#8221;90px&#8221; custom_margin=&#8221;-50px||||false|false&#8221; custom_padding=&#8221;7px||||false|false&#8221; box_shadow_style=&#8221;preset1&#8243; global_colors_info=&#8221;{}&#8221;]<\/p>\n<p>Les Secr\u00e9tariats Particuliers sont charg\u00e9s des affaires r\u00e9serv\u00e9es du Ministre et de la Secr\u00e9taire d\u2019Etat.<\/p>\n<p>&nbsp;<\/p>\n<p>[\/et_pb_text][\/et_pb_column][et_pb_column type=&#8221;1_3&#8243; _builder_version=&#8221;4.17.6&#8243; _module_preset=&#8221;default&#8221; global_colors_info=&#8221;{}&#8221;][dsm_menu title=&#8221;Tous les Services&#8221; title_bottom_gap=&#8221;20px&#8221; menu_id=&#8221;45&#8243; menu_link_text_color=&#8221;#FFFFFF&#8221; menu_space_between=&#8221;8px&#8221; list_style_type=&#8221;none&#8221; menu_left_space=&#8221;50px&#8221; _builder_version=&#8221;4.17.6&#8243; _module_preset=&#8221;default&#8221; header_level=&#8221;h1&#8243; header_font=&#8221;Montserrat|700|||||||&#8221; header_text_align=&#8221;center&#8221; header_text_color=&#8221;#EDF000&#8243; header_font_size=&#8221;35px&#8221; header_letter_spacing=&#8221;1px&#8221; menu_font=&#8221;Montserrat|700|||||||&#8221; menu_font_size=&#8221;17px&#8221; menu_letter_spacing=&#8221;1px&#8221; sub_menu_font=&#8221;Montserrat||||||||&#8221; background_color=&#8221;#004c99&#8243; min_height=&#8221;228px&#8221; custom_margin=&#8221;10px||||false|false&#8221; custom_padding=&#8221;20px||||false|false&#8221; box_shadow_style=&#8221;preset1&#8243; global_colors_info=&#8221;{}&#8221; theme_builder_area=&#8221;post_content&#8221;][\/dsm_menu][\/et_pb_column][\/et_pb_row][\/et_pb_section]<\/p>\n<span class=\"et_bloom_bottom_trigger\"><\/span>","protected":false},"excerpt":{"rendered":"<p>Les Secr\u00e9tariats Particuliers sont charg\u00e9s des affaires r\u00e9serv\u00e9es du Ministre et de la Secr\u00e9taire d\u2019Etat. &nbsp;<div class=\"et_pb_module dsm_menu dsm_menu_0  et_pb_text_align_left et_pb_bg_layout_light\">\n\t\t\t\t\n\t\t\t\t\n\t\t\t\t\n\t\t\t\t\n\t\t\t\t\n\t\t\t\t\n\t\t\t\t<div class=\"et_pb_module_inner\">\n\t\t\t\t\t<h4 class=\"dsm-menu-title et_pb_module_header\">&#8221;Tous<\/h4><div class=\"dsm-menu-container\"><ul id=\"menu-menu_principale\" class=\"dsm-menu et_disable_top_tier dsm-menu-style-type-&#8221;none&#8221; dsm-menu-layout-vertical\"><li id=\"menu-item-142\" class=\"et_pb_menu_page_id-home menu-item menu-item-type-post_type menu-item-object-page menu-item-home menu-item-142\"><a href=\"https:\/\/www.minhdu.gov.cm\/\"><i class=\"fa-solid fa-house-chimney\" style=\"font-size: 25px;\"><\/i><\/a><\/li>\n<li id=\"menu-item-6127\" class=\"menu_personnalise et_pb_menu_page_id-6127 menu-item menu-item-type-custom menu-item-object-custom menu-item-has-children menu-item-6127\"><a>The Ministry<\/a>\n<ul class=\"sub-menu\">\n\t<li id=\"menu-item-1084\" class=\"sous_menu_personnalise et_pb_menu_page_id-94 menu-item menu-item-type-post_type menu-item-object-page menu-item-1084\"><a href=\"https:\/\/www.minhdu.gov.cm\/le-ministere\/le-ministre\/\">The Minister<\/a><\/li>\n\t<li id=\"menu-item-173\" class=\"sous_menu_personnalise et_pb_menu_page_id-122 menu-item menu-item-type-post_type menu-item-object-page menu-item-173\"><a href=\"https:\/\/www.minhdu.gov.cm\/le-ministere\/secretaire-detat\/\">The Secretary of State<\/a><\/li>\n\t<li id=\"menu-item-6309\" class=\"sous_menu_personnalise et_pb_menu_page_id-6306 menu-item menu-item-type-post_type menu-item-object-page menu-item-6309\"><a href=\"https:\/\/www.minhdu.gov.cm\/les-collaborateurs-du-ministre\/\">Les Collaborateurs du Ministre<\/a><\/li>\n\t<li id=\"menu-item-1433\" class=\"sous_menu_personnalise et_pb_menu_page_id-1431 menu-item menu-item-type-post_type menu-item-object-page menu-item-1433\"><a href=\"https:\/\/www.minhdu.gov.cm\/le-ministere\/organigramme\/\">Flowchart<\/a><\/li>\n\t<li id=\"menu-item-6893\" class=\"sous_menu_personnalise et_pb_menu_page_id-6787 menu-item menu-item-type-post_type menu-item-object-page menu-item-6893\"><a href=\"https:\/\/www.minhdu.gov.cm\/le-ministere\/services-du-minhdu\/\">Services du MINHDU<\/a><\/li>\n\t<li id=\"menu-item-7968\" class=\"sous_menu_personnalise et_pb_menu_page_id-7961 menu-item menu-item-type-post_type menu-item-object-page menu-item-7968\"><a href=\"https:\/\/www.minhdu.gov.cm\/historique\/\">Historique<\/a><\/li>\n<\/ul>\n<\/li>\n<li id=\"menu-item-163\" class=\"et_pb_menu_page_id-102 menu-item menu-item-type-post_type menu-item-object-page menu-item-163\"><a href=\"https:\/\/www.minhdu.gov.cm\/les-missions\/\">Missions<\/a><\/li>\n<li id=\"menu-item-3772\" class=\"menu_personnalise et_pb_menu_page_id-3772 menu-item menu-item-type-custom menu-item-object-custom menu-item-has-children menu-item-3772\"><a>The Programs<\/a>\n<ul class=\"sub-menu\">\n\t<li id=\"menu-item-11575\" class=\"et_pb_menu_page_id-11472 menu-item menu-item-type-post_type menu-item-object-page menu-item-11575\"><a href=\"https:\/\/www.minhdu.gov.cm\/programmes\/c2d-capitales-regionales\/\">C2D Regional Capitals<\/a><\/li>\n\t<li id=\"menu-item-166\" class=\"sous_menu_personnalise et_pb_menu_page_id-108 menu-item menu-item-type-post_type menu-item-object-page menu-item-166\"><a href=\"https:\/\/www.minhdu.gov.cm\/programmes\/pdvir\/\">Inclusive and Resilient Cities Development Programs<\/a><\/li>\n\t<li id=\"menu-item-169\" class=\"sous_menu_personnalise et_pb_menu_page_id-114 menu-item menu-item-type-post_type menu-item-object-page menu-item-169\"><a href=\"https:\/\/www.minhdu.gov.cm\/programmes\/pnfmv-2\/\">National Training Program for City Trades<\/a><\/li>\n\t<li id=\"menu-item-167\" class=\"sous_menu_personnalise et_pb_menu_page_id-110 menu-item menu-item-type-post_type menu-item-object-page menu-item-167\"><a href=\"https:\/\/www.minhdu.gov.cm\/programmes\/pgu-2\/\">Urban Governance Program<\/a><\/li>\n\t<li id=\"menu-item-164\" class=\"sous_menu_personnalise et_pb_menu_page_id-104 menu-item menu-item-type-post_type menu-item-object-page menu-item-164\"><a href=\"https:\/\/www.minhdu.gov.cm\/programmes\/logements-sociaux-2\/\">Government program for the construction of 10,000 social housing<\/a><\/li>\n<\/ul>\n<\/li>\n<li id=\"menu-item-171\" class=\"menu_personnalise et_pb_menu_page_id-118 menu-item menu-item-type-post_type menu-item-object-page menu-item-has-children menu-item-171\"><a href=\"https:\/\/www.minhdu.gov.cm\/projets\/\">The Projects<\/a>\n<ul class=\"sub-menu\">\n\t<li id=\"menu-item-4567\" class=\"sous_menu_personnalise et_pb_menu_page_id-4553 menu-item menu-item-type-post_type menu-item-object-page menu-item-4567\"><a href=\"https:\/\/www.minhdu.gov.cm\/projets\/habitat\/\">Habitat<\/a><\/li>\n\t<li id=\"menu-item-4569\" class=\"sous_menu_personnalise et_pb_menu_page_id-4556 menu-item menu-item-type-post_type menu-item-object-page menu-item-4569\"><a href=\"https:\/\/www.minhdu.gov.cm\/projets\/voirie-et-reseau-divers\/\">Various Roads and Networks<\/a><\/li>\n\t<li id=\"menu-item-4566\" class=\"sous_menu_personnalise et_pb_menu_page_id-4559 menu-item menu-item-type-post_type menu-item-object-page menu-item-4566\"><a href=\"https:\/\/www.minhdu.gov.cm\/projets\/amenagement\/\">Arrangement<\/a><\/li>\n\t<li id=\"menu-item-4568\" class=\"sous_menu_personnalise et_pb_menu_page_id-4563 menu-item menu-item-type-post_type menu-item-object-page menu-item-4568\"><a href=\"https:\/\/www.minhdu.gov.cm\/projets\/planification-urbaine\/\">Urban Planning<\/a><\/li>\n\t<li id=\"menu-item-7155\" class=\"sous_menu_personnalise et_pb_menu_page_id-7153 menu-item menu-item-type-post_type menu-item-object-page menu-item-7155\"><a href=\"https:\/\/www.minhdu.gov.cm\/planut\/\">PLANUT<\/a><\/li>\n\t<li id=\"menu-item-9730\" class=\"sous_menu_personnalise et_pb_menu_page_id-9693 menu-item menu-item-type-post_type menu-item-object-page menu-item-9730\"><a href=\"https:\/\/www.minhdu.gov.cm\/environnement-social-urbain\/\">Environnement Social Urbain<\/a><\/li>\n\t<li id=\"menu-item-4850\" class=\"sous_menu_personnalise et_pb_menu_page_id-4848 menu-item menu-item-type-post_type menu-item-object-page menu-item-4850\"><a href=\"https:\/\/www.minhdu.gov.cm\/projets\/can-2019\/\">CAN 2019<\/a><\/li>\n<\/ul>\n<\/li>\n<li id=\"menu-item-10626\" class=\"et_pb_menu_page_id-10622 menu-item menu-item-type-post_type menu-item-object-page menu-item-has-children menu-item-10626\"><a href=\"https:\/\/www.minhdu.gov.cm\/documentation\/\">Documentation<\/a>\n<ul class=\"sub-menu\">\n\t<li id=\"menu-item-154\" class=\"et_pb_menu_page_id-84 menu-item menu-item-type-post_type menu-item-object-page menu-item-154\"><a href=\"https:\/\/www.minhdu.gov.cm\/documentation-3\/\">Documentation<\/a><\/li>\n\t<li id=\"menu-item-13441\" class=\"et_pb_menu_page_id-13374 menu-item menu-item-type-post_type menu-item-object-page menu-item-13441\"><a href=\"https:\/\/www.minhdu.gov.cm\/documentation-2-2\/\">Documentation<\/a><\/li>\n\t<li id=\"menu-item-19046\" class=\"et_pb_menu_page_id-19044 menu-item menu-item-type-post_type menu-item-object-page menu-item-19046\"><a href=\"https:\/\/www.minhdu.gov.cm\/documents-pvgfd\/\">Documents PVGFD<\/a><\/li>\n\t<li id=\"menu-item-10627\" class=\"et_pb_menu_page_id-10415 menu-item menu-item-type-post_type menu-item-object-page menu-item-10627\"><a href=\"https:\/\/www.minhdu.gov.cm\/documentation-2\/\">Documentation<\/a><\/li>\n\t<li id=\"menu-item-13975\" class=\"et_pb_menu_page_id-13898 menu-item menu-item-type-post_type menu-item-object-page menu-item-13975\"><a href=\"https:\/\/www.minhdu.gov.cm\/documents-jmh-2023\/\">Documents JMH 2023<\/a><\/li>\n\t<li id=\"menu-item-17666\" class=\"et_pb_menu_page_id-17510 menu-item menu-item-type-post_type menu-item-object-page menu-item-17666\"><a href=\"https:\/\/www.minhdu.gov.cm\/documents-jmh-2024\/\">Documents JMH 2024<\/a><\/li>\n\t<li id=\"menu-item-20368\" class=\"et_pb_menu_page_id-20368 menu-item menu-item-type-custom menu-item-object-custom menu-item-20368\"><a href=\"https:\/\/worldhabitatdaycameroon.org\/en\/documents-2025\/\">Document JMH 2025<\/a><\/li>\n\t<li id=\"menu-item-19995\" class=\"et_pb_menu_page_id-19992 menu-item menu-item-type-post_type menu-item-object-page menu-item-19995\"><a href=\"https:\/\/www.minhdu.gov.cm\/eg-gestion-des-dechets-docs\/\">EG Gestion des d\u00e9chets<\/a><\/li>\n<\/ul>\n<\/li>\n<li id=\"menu-item-3773\" class=\"menu_personnalise et_pb_menu_page_id-3773 menu-item menu-item-type-custom menu-item-object-custom menu-item-has-children menu-item-3773\"><a>Press Area<\/a>\n<ul class=\"sub-menu\">\n\t<li id=\"menu-item-153\" class=\"sous_menu_personnalise et_pb_menu_page_id-82 menu-item menu-item-type-post_type menu-item-object-page menu-item-153\"><a href=\"https:\/\/www.minhdu.gov.cm\/espace-presse\/discours\/\">Speech<\/a><\/li>\n\t<li id=\"menu-item-7858\" class=\"sous_menu_personnalise et_pb_menu_page_id-7775 menu-item menu-item-type-post_type menu-item-object-page menu-item-7858\"><a href=\"https:\/\/www.minhdu.gov.cm\/espace-presse\/reportage\/\">Reportages<\/a><\/li>\n\t<li id=\"menu-item-149\" class=\"sous_menu_personnalise et_pb_menu_page_id-74 menu-item menu-item-type-post_type menu-item-object-page menu-item-149\"><a href=\"https:\/\/www.minhdu.gov.cm\/espace-presse\/communiques\/\">Press Releases<\/a><\/li>\n\t<li id=\"menu-item-165\" class=\"sous_menu_personnalise et_pb_menu_page_id-106 menu-item menu-item-type-post_type menu-item-object-page menu-item-165\"><a href=\"https:\/\/www.minhdu.gov.cm\/espace-presse\/magazine\/\">Magazine<\/a><\/li>\n\t<li id=\"menu-item-15284\" class=\"et_pb_menu_page_id-15265 menu-item menu-item-type-post_type menu-item-object-page menu-item-15284\"><a href=\"https:\/\/www.minhdu.gov.cm\/espace-presse\/minhdu-hebdo-online\/\">MINHDU HEBDO Online<\/a><\/li>\n<\/ul>\n<\/li>\n<li id=\"menu-item-150\" class=\"et_pb_menu_page_id-76 menu-item menu-item-type-post_type menu-item-object-page menu-item-150\"><a href=\"https:\/\/www.minhdu.gov.cm\/contact\/\">Contact<\/a><\/li>\n<\/ul><\/div>\n\t\t\t\t<\/div>\n\t\t\t<\/div><\/p>\n","protected":false},"author":3,"featured_media":0,"parent":6787,"menu_order":0,"comment_status":"closed","ping_status":"closed","template":"","meta":{"_et_pb_use_builder":"on","_et_pb_old_content":"","_et_gb_content_width":"","_EventAllDay":false,"_EventTimezone":"","_EventStartDate":"","_EventEndDate":"","_EventStartDateUTC":"","_EventEndDateUTC":"","_EventShowMap":false,"_EventShowMapLink":false,"_EventURL":"","_EventCost":"","_EventCostDescription":"","_EventCurrencySymbol":"","_EventCurrencyCode":"","_EventCurrencyPosition":"","_EventDateTimeSeparator":"","_EventTimeRangeSeparator":"","_EventOrganizerID":[],"_EventVenueID":0,"_OrganizerEmail":"","_OrganizerPhone":"","_OrganizerWebsite":"","_VenueAddress":"","_VenueCity":"","_VenueCountry":"","_VenueProvince":"","_VenueZip":"","_VenuePhone":"","_VenueURL":"","_VenueStateProvince":"","_VenueLat":"","_VenueLng":"","footnotes":""},"folder":[],"class_list":["post-7065","page","type-page","status-publish","hentry"],"yoast_head":"<!-- This site is optimized with the Yoast SEO plugin v19.13 - https:\/\/yoast.com\/wordpress\/plugins\/seo\/ -->\n<title>Secr\u00e9taires Particuliers<\/title>\n<meta name=\"description\" content=\"[et_pb_section fb_built=&quot;1&quot; _builder_version=&quot;4.17.6&quot; _module_preset=&quot;default&quot; global_colors_info=&quot;{}&quot;][et_pb_row column_structure=&quot;2_3,1_3&quot; _builder_version=&quot;4.17.6&quot; _module_preset=&quot;default&quot; width=&quot;90%&quot; max_width=&quot;90%&quot; global_colors_info=&quot;{}&quot;][et_pb_column type=&quot;2_3&quot; _builder_version=&quot;4.17.6&quot; _module_preset=&quot;default&quot; global_colors_info=&quot;{}&quot;][et_pb_text _builder_version=&quot;4.17.6&quot; _module_preset=&quot;default&quot; text_font=&quot;Arimo|700|||||||&quot; text_text_color=&quot;#004c99&quot; text_font_size=&quot;22px&quot; text_line_height=&quot;1.8em&quot; background_color=&quot;#FFFFFF&quot; text_orientation=&quot;center&quot; width=&quot;100%&quot; min_height=&quot;90px&quot; height=&quot;90px&quot; custom_margin=&quot;-50px||||false|false&quot; custom_padding=&quot;7px||||false|false&quot; box_shadow_style=&quot;preset1&quot; global_colors_info=&quot;{}&quot;]Les Secr\u00e9tariats Particuliers sont charg\u00e9s des affaires r\u00e9serv\u00e9es du Ministre et de la Secr\u00e9taire d\u2019Etat. &nbsp;[\/et_pb_text][\/et_pb_column][et_pb_column type=&quot;1_3&quot; _builder_version=&quot;4.17.6&quot; _module_preset=&quot;default&quot; global_colors_info=&quot;{}&quot;][dsm_menu title=&quot;Tous les Services&quot; title_bottom_gap=&quot;20px&quot; menu_id=&quot;45&quot; menu_link_text_color=&quot;#FFFFFF&quot;&hellip;\" \/>\n<meta name=\"robots\" content=\"index, follow, max-snippet:-1, max-image-preview:large, max-video-preview:-1\" \/>\n<link rel=\"canonical\" href=\"https:\/\/www.minhdu.gov.cm\/le-ministere\/services-du-minhdu\/secretaires-particuliers\/\" \/>\n<meta property=\"og:locale\" content=\"en_US\" \/>\n<meta property=\"og:type\" content=\"article\" \/>\n<meta property=\"og:title\" content=\"Secr\u00e9taires Particuliers\" \/>\n<meta property=\"og:description\" content=\"[et_pb_section fb_built=&quot;1&quot; _builder_version=&quot;4.17.6&quot; _module_preset=&quot;default&quot; global_colors_info=&quot;{}&quot;][et_pb_row column_structure=&quot;2_3,1_3&quot; _builder_version=&quot;4.17.6&quot; _module_preset=&quot;default&quot; width=&quot;90%&quot; max_width=&quot;90%&quot; global_colors_info=&quot;{}&quot;][et_pb_column type=&quot;2_3&quot; _builder_version=&quot;4.17.6&quot; _module_preset=&quot;default&quot; global_colors_info=&quot;{}&quot;][et_pb_text _builder_version=&quot;4.17.6&quot; _module_preset=&quot;default&quot; text_font=&quot;Arimo|700|||||||&quot; text_text_color=&quot;#004c99&quot; text_font_size=&quot;22px&quot; text_line_height=&quot;1.8em&quot; background_color=&quot;#FFFFFF&quot; text_orientation=&quot;center&quot; width=&quot;100%&quot; min_height=&quot;90px&quot; height=&quot;90px&quot; custom_margin=&quot;-50px||||false|false&quot; custom_padding=&quot;7px||||false|false&quot; box_shadow_style=&quot;preset1&quot; global_colors_info=&quot;{}&quot;]Les Secr\u00e9tariats Particuliers sont charg\u00e9s des affaires r\u00e9serv\u00e9es du Ministre et de la Secr\u00e9taire d\u2019Etat. &nbsp;[\/et_pb_text][\/et_pb_column][et_pb_column type=&quot;1_3&quot; _builder_version=&quot;4.17.6&quot; _module_preset=&quot;default&quot; global_colors_info=&quot;{}&quot;][dsm_menu title=&quot;Tous les Services&quot; title_bottom_gap=&quot;20px&quot; menu_id=&quot;45&quot; menu_link_text_color=&quot;#FFFFFF&quot;&hellip;\" \/>\n<meta property=\"og:url\" content=\"https:\/\/www.minhdu.gov.cm\/le-ministere\/services-du-minhdu\/secretaires-particuliers\/\" \/>\n<meta property=\"og:site_name\" content=\"MINHDU\" \/>\n<meta property=\"article:publisher\" content=\"https:\/\/www.facebook.com\/cameroun.minhdu\/\" \/>\n<meta property=\"article:modified_time\" content=\"2022-07-27T14:04:15+00:00\" \/>\n<meta name=\"twitter:card\" content=\"summary_large_image\" \/>\n<meta name=\"twitter:site\" content=\"@cameroun_minhdu\" \/>\n<meta name=\"twitter:label1\" content=\"Est. reading time\" \/>\n\t<meta name=\"twitter:data1\" content=\"1 minute\" \/>\n<script type=\"application\/ld+json\" class=\"yoast-schema-graph\">{\"@context\":\"https:\/\/schema.org\",\"@graph\":[{\"@type\":\"WebPage\",\"@id\":\"https:\/\/www.minhdu.gov.cm\/le-ministere\/services-du-minhdu\/secretaires-particuliers\/\",\"url\":\"https:\/\/www.minhdu.gov.cm\/le-ministere\/services-du-minhdu\/secretaires-particuliers\/\",\"name\":\"Secr\u00e9taires Particuliers - MINHDU\",\"isPartOf\":{\"@id\":\"https:\/\/www.minhdu.gov.cm\/#website\"},\"datePublished\":\"2022-07-27T12:49:03+00:00\",\"dateModified\":\"2022-07-27T14:04:15+00:00\",\"breadcrumb\":{\"@id\":\"https:\/\/www.minhdu.gov.cm\/le-ministere\/services-du-minhdu\/secretaires-particuliers\/#breadcrumb\"},\"inLanguage\":\"en-US\",\"potentialAction\":[{\"@type\":\"ReadAction\",\"target\":[\"https:\/\/www.minhdu.gov.cm\/le-ministere\/services-du-minhdu\/secretaires-particuliers\/\"]}]},{\"@type\":\"BreadcrumbList\",\"@id\":\"https:\/\/www.minhdu.gov.cm\/le-ministere\/services-du-minhdu\/secretaires-particuliers\/#breadcrumb\",\"itemListElement\":[{\"@type\":\"ListItem\",\"position\":1,\"name\":\"Home\",\"item\":\"https:\/\/www.minhdu.gov.cm\/\"},{\"@type\":\"ListItem\",\"position\":2,\"name\":\"Le Minist\u00e8re\",\"item\":\"https:\/\/www.minhdu.gov.cm\/le-ministere\/\"},{\"@type\":\"ListItem\",\"position\":3,\"name\":\"Services du MINHDU\",\"item\":\"https:\/\/www.minhdu.gov.cm\/le-ministere\/services-du-minhdu\/\"},{\"@type\":\"ListItem\",\"position\":4,\"name\":\"Secr\u00e9taires Particuliers\"}]},{\"@type\":\"WebSite\",\"@id\":\"https:\/\/www.minhdu.gov.cm\/#website\",\"url\":\"https:\/\/www.minhdu.gov.cm\/\",\"name\":\"MINHDU\",\"description\":\"\",\"publisher\":{\"@id\":\"https:\/\/www.minhdu.gov.cm\/#organization\"},\"potentialAction\":[{\"@type\":\"SearchAction\",\"target\":{\"@type\":\"EntryPoint\",\"urlTemplate\":\"https:\/\/www.minhdu.gov.cm\/?s={search_term_string}\"},\"query-input\":\"required name=search_term_string\"}],\"inLanguage\":\"en-US\"},{\"@type\":\"Organization\",\"@id\":\"https:\/\/www.minhdu.gov.cm\/#organization\",\"name\":\"MINHDU\",\"url\":\"https:\/\/www.minhdu.gov.cm\/\",\"logo\":{\"@type\":\"ImageObject\",\"inLanguage\":\"en-US\",\"@id\":\"https:\/\/www.minhdu.gov.cm\/#\/schema\/logo\/image\/\",\"url\":\"https:\/\/www.minhdu.gov.cm\/wp-content\/uploads\/2022\/06\/minhdu2.png\",\"contentUrl\":\"https:\/\/www.minhdu.gov.cm\/wp-content\/uploads\/2022\/06\/minhdu2.png\",\"width\":250,\"height\":250,\"caption\":\"MINHDU\"},\"image\":{\"@id\":\"https:\/\/www.minhdu.gov.cm\/#\/schema\/logo\/image\/\"},\"sameAs\":[\"https:\/\/www.facebook.com\/cameroun.minhdu\/\",\"https:\/\/twitter.com\/cameroun_minhdu\"]}]}<\/script>\n<!-- \/ Yoast SEO plugin. -->","yoast_head_json":{"title":"Secr\u00e9taires Particuliers","description":"[et_pb_section fb_built=\"1\" _builder_version=\"4.17.6\" _module_preset=\"default\" global_colors_info=\"{}\"][et_pb_row column_structure=\"2_3,1_3\" _builder_version=\"4.17.6\" _module_preset=\"default\" width=\"90%\" max_width=\"90%\" global_colors_info=\"{}\"][et_pb_column type=\"2_3\" _builder_version=\"4.17.6\" _module_preset=\"default\" global_colors_info=\"{}\"][et_pb_text _builder_version=\"4.17.6\" _module_preset=\"default\" text_font=\"Arimo|700|||||||\" text_text_color=\"#004c99\" text_font_size=\"22px\" text_line_height=\"1.8em\" background_color=\"#FFFFFF\" text_orientation=\"center\" width=\"100%\" min_height=\"90px\" height=\"90px\" custom_margin=\"-50px||||false|false\" custom_padding=\"7px||||false|false\" box_shadow_style=\"preset1\" global_colors_info=\"{}\"]Les Secr\u00e9tariats Particuliers sont charg\u00e9s des affaires r\u00e9serv\u00e9es du Ministre et de la Secr\u00e9taire d\u2019Etat. &nbsp;[\/et_pb_text][\/et_pb_column][et_pb_column type=\"1_3\" _builder_version=\"4.17.6\" _module_preset=\"default\" global_colors_info=\"{}\"][dsm_menu title=\"Tous les Services\" title_bottom_gap=\"20px\" menu_id=\"45\" menu_link_text_color=\"#FFFFFF\"&hellip;","robots":{"index":"index","follow":"follow","max-snippet":"max-snippet:-1","max-image-preview":"max-image-preview:large","max-video-preview":"max-video-preview:-1"},"canonical":"https:\/\/www.minhdu.gov.cm\/le-ministere\/services-du-minhdu\/secretaires-particuliers\/","og_locale":"en_US","og_type":"article","og_title":"Secr\u00e9taires Particuliers","og_description":"[et_pb_section fb_built=\"1\" _builder_version=\"4.17.6\" _module_preset=\"default\" global_colors_info=\"{}\"][et_pb_row column_structure=\"2_3,1_3\" _builder_version=\"4.17.6\" _module_preset=\"default\" width=\"90%\" max_width=\"90%\" global_colors_info=\"{}\"][et_pb_column type=\"2_3\" _builder_version=\"4.17.6\" _module_preset=\"default\" global_colors_info=\"{}\"][et_pb_text _builder_version=\"4.17.6\" _module_preset=\"default\" text_font=\"Arimo|700|||||||\" text_text_color=\"#004c99\" text_font_size=\"22px\" text_line_height=\"1.8em\" background_color=\"#FFFFFF\" text_orientation=\"center\" width=\"100%\" min_height=\"90px\" height=\"90px\" custom_margin=\"-50px||||false|false\" custom_padding=\"7px||||false|false\" box_shadow_style=\"preset1\" global_colors_info=\"{}\"]Les Secr\u00e9tariats Particuliers sont charg\u00e9s des affaires r\u00e9serv\u00e9es du Ministre et de la Secr\u00e9taire d\u2019Etat. &nbsp;[\/et_pb_text][\/et_pb_column][et_pb_column type=\"1_3\" _builder_version=\"4.17.6\" _module_preset=\"default\" global_colors_info=\"{}\"][dsm_menu title=\"Tous les Services\" title_bottom_gap=\"20px\" menu_id=\"45\" menu_link_text_color=\"#FFFFFF\"&hellip;","og_url":"https:\/\/www.minhdu.gov.cm\/le-ministere\/services-du-minhdu\/secretaires-particuliers\/","og_site_name":"MINHDU","article_publisher":"https:\/\/www.facebook.com\/cameroun.minhdu\/","article_modified_time":"2022-07-27T14:04:15+00:00","twitter_card":"summary_large_image","twitter_site":"@cameroun_minhdu","twitter_misc":{"Est. reading time":"1 minute"},"schema":{"@context":"https:\/\/schema.org","@graph":[{"@type":"WebPage","@id":"https:\/\/www.minhdu.gov.cm\/le-ministere\/services-du-minhdu\/secretaires-particuliers\/","url":"https:\/\/www.minhdu.gov.cm\/le-ministere\/services-du-minhdu\/secretaires-particuliers\/","name":"Secr\u00e9taires Particuliers - MINHDU","isPartOf":{"@id":"https:\/\/www.minhdu.gov.cm\/#website"},"datePublished":"2022-07-27T12:49:03+00:00","dateModified":"2022-07-27T14:04:15+00:00","breadcrumb":{"@id":"https:\/\/www.minhdu.gov.cm\/le-ministere\/services-du-minhdu\/secretaires-particuliers\/#breadcrumb"},"inLanguage":"en-US","potentialAction":[{"@type":"ReadAction","target":["https:\/\/www.minhdu.gov.cm\/le-ministere\/services-du-minhdu\/secretaires-particuliers\/"]}]},{"@type":"BreadcrumbList","@id":"https:\/\/www.minhdu.gov.cm\/le-ministere\/services-du-minhdu\/secretaires-particuliers\/#breadcrumb","itemListElement":[{"@type":"ListItem","position":1,"name":"Home","item":"https:\/\/www.minhdu.gov.cm\/"},{"@type":"ListItem","position":2,"name":"Le Minist\u00e8re","item":"https:\/\/www.minhdu.gov.cm\/le-ministere\/"},{"@type":"ListItem","position":3,"name":"Services du MINHDU","item":"https:\/\/www.minhdu.gov.cm\/le-ministere\/services-du-minhdu\/"},{"@type":"ListItem","position":4,"name":"Secr\u00e9taires Particuliers"}]},{"@type":"WebSite","@id":"https:\/\/www.minhdu.gov.cm\/#website","url":"https:\/\/www.minhdu.gov.cm\/","name":"MINHDU","description":"","publisher":{"@id":"https:\/\/www.minhdu.gov.cm\/#organization"},"potentialAction":[{"@type":"SearchAction","target":{"@type":"EntryPoint","urlTemplate":"https:\/\/www.minhdu.gov.cm\/?s={search_term_string}"},"query-input":"required name=search_term_string"}],"inLanguage":"en-US"},{"@type":"Organization","@id":"https:\/\/www.minhdu.gov.cm\/#organization","name":"MINHDU","url":"https:\/\/www.minhdu.gov.cm\/","logo":{"@type":"ImageObject","inLanguage":"en-US","@id":"https:\/\/www.minhdu.gov.cm\/#\/schema\/logo\/image\/","url":"https:\/\/www.minhdu.gov.cm\/wp-content\/uploads\/2022\/06\/minhdu2.png","contentUrl":"https:\/\/www.minhdu.gov.cm\/wp-content\/uploads\/2022\/06\/minhdu2.png","width":250,"height":250,"caption":"MINHDU"},"image":{"@id":"https:\/\/www.minhdu.gov.cm\/#\/schema\/logo\/image\/"},"sameAs":["https:\/\/www.facebook.com\/cameroun.minhdu\/","https:\/\/twitter.com\/cameroun_minhdu"]}]}},"_links":{"self":[{"href":"https:\/\/www.minhdu.gov.cm\/wp-json\/wp\/v2\/pages\/7065","targetHints":{"allow":["GET"]}}],"collection":[{"href":"https:\/\/www.minhdu.gov.cm\/wp-json\/wp\/v2\/pages"}],"about":[{"href":"https:\/\/www.minhdu.gov.cm\/wp-json\/wp\/v2\/types\/page"}],"author":[{"embeddable":true,"href":"https:\/\/www.minhdu.gov.cm\/wp-json\/wp\/v2\/users\/3"}],"replies":[{"embeddable":true,"href":"https:\/\/www.minhdu.gov.cm\/wp-json\/wp\/v2\/comments?post=7065"}],"version-history":[{"count":5,"href":"https:\/\/www.minhdu.gov.cm\/wp-json\/wp\/v2\/pages\/7065\/revisions"}],"predecessor-version":[{"id":7123,"href":"https:\/\/www.minhdu.gov.cm\/wp-json\/wp\/v2\/pages\/7065\/revisions\/7123"}],"up":[{"embeddable":true,"href":"https:\/\/www.minhdu.gov.cm\/wp-json\/wp\/v2\/pages\/6787"}],"wp:attachment":[{"href":"https:\/\/www.minhdu.gov.cm\/wp-json\/wp\/v2\/media?parent=7065"}],"wp:term":[{"taxonomy":"folder","embeddable":true,"href":"https:\/\/www.minhdu.gov.cm\/wp-json\/wp\/v2\/folder?post=7065"}],"curies":[{"name":"wp","href":"https:\/\/api.w.org\/{rel}","templated":true}]}}