{"id":94,"date":"2022-06-16T09:52:08","date_gmt":"2022-06-16T07:52:08","guid":{"rendered":"http:\/\/192.168.108.1\/?page_id=94"},"modified":"2022-08-03T15:46:45","modified_gmt":"2022-08-03T13:46:45","slug":"le-ministre","status":"publish","type":"page","link":"https:\/\/www.minhdu.gov.cm\/le-ministere\/le-ministre\/","title":{"rendered":"The Minister"},"content":{"rendered":"<p>[et_pb_section fb_built=&#8221;1&#8243; _builder_version=&#8221;4.17.6&#8243; _module_preset=&#8221;default&#8221; background_color=&#8221;#FFFFFF&#8221; custom_margin=&#8221;-20px||0px||false|false&#8221; custom_padding=&#8221;0px||0px||false|false&#8221; global_colors_info=&#8221;{}&#8221;][et_pb_row column_structure=&#8221;2_5,3_5&#8243; use_custom_gutter=&#8221;on&#8221; gutter_width=&#8221;3&#8243; _builder_version=&#8221;4.17.6&#8243; _module_preset=&#8221;default&#8221; background_color=&#8221;#e5e5e5&#8243; width=&#8221;85%&#8221; max_width=&#8221;85%&#8221; custom_margin=&#8221;50px||50px||false|false&#8221; custom_padding=&#8221;10px|10px|10px|10px|false|false&#8221; border_radii=&#8221;on|20px|20px|20px|20px&#8221; box_shadow_style=&#8221;preset1&#8243; global_colors_info=&#8221;{}&#8221;][et_pb_column type=&#8221;2_5&#8243; _builder_version=&#8221;4.17.4&#8243; _module_preset=&#8221;default&#8221; global_colors_info=&#8221;{}&#8221;][et_pb_blurb title=&#8221;Madame C\u00e9lestine KETCHA Epse COURTES&#8221; image=&#8221;https:\/\/www.minhdu.gov.cm\/wp-content\/uploads\/2022\/07\/FI0A0219-scaled.jpg&#8221; _builder_version=&#8221;4.17.6&#8243; _module_preset=&#8221;default&#8221; header_font=&#8221;|800|||||||&#8221; header_text_align=&#8221;center&#8221; header_text_color=&#8221;#006400&#8243; header_font_size=&#8221;20px&#8221; body_font=&#8221;|600|||||||&#8221; body_text_align=&#8221;center&#8221; body_text_color=&#8221;#000000&#8243; body_font_size=&#8221;16px&#8221; custom_margin=&#8221;0px||0px||false|false&#8221; custom_padding=&#8221;0px||0px||false|false&#8221; animation_style=&#8221;fold&#8221; animation=&#8221;off&#8221; custom_css_blurb_title=&#8221;margin-top : -15px;&#8221; border_radii_image=&#8221;on|50%|50%|50%|50%&#8221; border_width_all_image=&#8221;3px&#8221; global_colors_info=&#8221;{}&#8221;]<\/p>\n<p style=\"margin-top: -5px;\">Ministre de l&#8217;Habitat et du D\u00e9veloppement Urbain<\/p>\n<p>[\/et_pb_blurb][et_pb_text _builder_version=&#8221;4.17.6&#8243; _module_preset=&#8221;default&#8221; text_text_color=&#8221;#000000&#8243; custom_margin=&#8221;0px||0px|30px|false|false&#8221; custom_margin_tablet=&#8221;0px||0px|110px|false|false&#8221; custom_margin_phone=&#8221;|||0px|false|false&#8221; custom_margin_last_edited=&#8221;on|tablet&#8221; custom_padding=&#8221;0px||0px||false|false&#8221; animation_style=&#8221;roll&#8221; hover_enabled=&#8221;0&#8243; global_colors_info=&#8221;{}&#8221; sticky_enabled=&#8221;0&#8243;]<\/p>\n<ul style=\"list-style-type: none; text-align: left; margin-top: 10px; font-size: 14px; font-weight: bold;\">\n<li><i class=\"fa-solid fa-circle-check\"><\/i> Chevalier de l\u2019Ordre National de la Valeur<\/li>\n<li><i class=\"fa-solid fa-circle-check\"><\/i> Chevalier National du M\u00e9rite Camerounais<\/li>\n<li><i class=\"fa-solid fa-circle-check\"><\/i> Chevalier National du M\u00e9rite Sportif<\/li>\n<li><i class=\"fa-solid fa-circle-check\"><\/i> Officier de l\u2019Ordre National de la Valeur<\/li>\n<li><i class=\"fa-solid fa-circle-check\"><\/i> Officier de l\u2019Ordre du M\u00e9rite Camerounais<\/li>\n<li><i class=\"fa-solid fa-circle-check\"><\/i> Commandeur de l\u2019Ordre de la Valeur<\/li>\n<li><i class=\"fa-solid fa-circle-check\"><\/i> Grand Officier de l\u2019Ordre National de la Valeur<\/li>\n<\/ul>\n<p>[\/et_pb_text][\/et_pb_column][et_pb_column type=&#8221;3_5&#8243; _builder_version=&#8221;4.17.4&#8243; _module_preset=&#8221;default&#8221; global_colors_info=&#8221;{}&#8221;][et_pb_text _builder_version=&#8221;4.17.6&#8243; _module_preset=&#8221;default&#8221; text_font=&#8221;||||||||&#8221; text_text_color=&#8221;#000000&#8243; custom_margin=&#8221;0px||0px||false|false&#8221; custom_padding=&#8221;||0px||false|false&#8221; global_colors_info=&#8221;{}&#8221;]<\/p>\n<h3 style=\"color: #000000;\"><span style=\"text-decoration: underline;\"><strong>BIOGRAPHIE<\/strong><\/span><\/h3>\n<p>[\/et_pb_text][et_pb_text _builder_version=&#8221;4.17.6&#8243; _module_preset=&#8221;default&#8221; text_font=&#8221;|600|||||||&#8221; text_text_color=&#8221;#000000&#8243; text_font_size=&#8221;16px&#8221; text_line_height=&#8221;1.8em&#8221; custom_margin=&#8221;0px||0px||false|false&#8221; custom_padding=&#8221;0px||0px||false|false&#8221; hover_enabled=&#8221;0&#8243; global_colors_info=&#8221;{}&#8221; sticky_enabled=&#8221;0&#8243;]<\/p>\n<p style=\"text-align: justify;\"><strong>C\u00e9lestine KETCHA COURTES<\/strong> est n\u00e9e le 13 Octobre 1964 \u00e0 Maroua Cameroun, <strong>Mari\u00e9e et M\u00e8re de deux Enfants.<\/strong> Apr\u00e8s un brillant parcours scolaire et universitaire, elle obtient en 1990 le Dipl\u00f4me d\u2019Etudes Sup\u00e9rieures de Commerce et d\u2019Economie. Elle travaillera comme Cadre Commercial et Marketing \u00e0 Cimencam (filiale des ciments Lafarge, France), d\u2019o\u00f9 elle d\u00e9missionnera pour suivre son Epoux Jean-Pierre Court\u00e8s \u00e0 Abidjan en C\u00f4te d\u2019Ivoire. Elle y obtient son Brevet de pilote priv\u00e9 d\u2019avion et y mettra au monde sa 1\u00e8re fille Isabelle. <strong>De 2000 \u00e0 nos jours<\/strong>, elle s\u2019est investie dans le secteur priv\u00e9 des affaires et est Administrateur de plusieurs Soci\u00e9t\u00e9s op\u00e9rant dans l\u2019importation et la commercialisation du Poisson congel\u00e9, des conserves et dans le transit au Cameroun. Elle est \u00e9lue Maire de la Commune de Bangangt\u00e9 en <strong>2007<\/strong>. Son implication personnelle, l\u2019implication des populations, l\u2019implication des OSC et la prise en compte de l\u2019environnement dans ses projets sociaux lui ont valu le 1er prix <strong>avec \u00e0 l\u2019appui un ch\u00e8que de 50.000.000 FCFA<\/strong>, du tout 1er concours National FEICOM des Meilleures Pratiques Communales de D\u00e9veloppement Local le 16 f\u00e9vrier 2012, pour son projet : <strong>Hygi\u00e8ne et salubrit\u00e9 dans la ville<\/strong>. Projet r\u00e9alis\u00e9 avec l\u2019accompagnement de l\u2019AIMF, l\u2019AESN, le SIAAP et la Fondation Veolia environnement. Le 26 Juin 2014, ce projet est \u00e9lu 2\u00e8me Prix ONU de l\u2019Excellence du Service Public. Madame Ketcha Epse Court\u00e8s sera r\u00e9\u00e9lue \u00e0 83% pour un nouveau mandat de Maire en 2013 et est nomm\u00e9e Ministre de l\u2019Habitat et du D\u00e9veloppement Urbain le 4 Janvier 2019<\/p>\n<p>[\/et_pb_text][et_pb_text _builder_version=&#8221;4.17.6&#8243; _module_preset=&#8221;default&#8221; custom_margin=&#8221;20px||0px||false|false&#8221; custom_padding=&#8221;0px||0px||false|false&#8221; global_colors_info=&#8221;{}&#8221;]<\/p>\n<h3 style=\"color: #000000;\"><span style=\"text-decoration: underline;\"><strong>Autres responsabilit\u00e9s assum\u00e9es et fonctions,<\/strong><\/span> elle est :<\/h3>\n<p>[\/et_pb_text][et_pb_text _builder_version=&#8221;4.17.6&#8243; _module_preset=&#8221;default&#8221; text_font=&#8221;|600|||||||&#8221; text_text_color=&#8221;#000000&#8243; text_font_size=&#8221;16px&#8221; text_line_height=&#8221;1.8em&#8221; custom_margin=&#8221;0px||0px||false|false&#8221; custom_padding=&#8221;0px||0px||false|false&#8221; global_colors_info=&#8221;{}&#8221;]<\/p>\n<ul style=\"list-style-type: none;\">\n<li style=\"margin-bottom: 5px;\"><i class=\"fa-solid fa-check\" style=\"margin-right: 5px;\"><\/i> Membre du Conseil Mondial des Maires de Cit\u00e9s et Gouvernements Locaux Unis (CGLU) ;<\/li>\n<li style=\"margin-bottom: 5px;\"><i class=\"fa-solid fa-check\" style=\"margin-right: 5px;\"><\/i> Ambassadrice des Autorit\u00e9s Locales de l\u2019Afrique Francophone \u00e0 l\u2019Union Europ\u00e9enne portant sur le Dialogue structur\u00e9, groupe de travail sur l\u2019efficacit\u00e9 de l\u2019aide ;<\/li>\n<li style=\"margin-bottom: 5px;\"><i class=\"fa-solid fa-check\" style=\"margin-right: 5px;\"><\/i> Pr\u00e9sidente de la Commission des Aides Humanitaires et Gestion des Risques \u00e0 l\u2019AIMF ;<\/li>\n<li style=\"margin-bottom: 5px;\"><i class=\"fa-solid fa-check\" style=\"margin-right: 5px;\"><\/i> Champion CGLU de la Coop\u00e9ration au D\u00e9veloppement ;<\/li>\n<li style=\"margin-bottom: 5px;\"><i class=\"fa-solid fa-check\" style=\"margin-right: 5px;\"><\/i> Pr\u00e9sidente du Conseil d\u2019Administration de l\u2019Ecole Africaine des M\u00e9tiers de l\u2019Architecture et de l\u2019Urbanisme (EAMAU);<\/li>\n<li style=\"margin-bottom: 5px;\"><i class=\"fa-solid fa-check\" style=\"margin-right: 5px;\"><\/i> Pr\u00e9sidente du Conseil d\u2019Administration de la Soci\u00e9t\u00e9 Immobili\u00e8re du Cameroun (SIC);<\/li>\n<li style=\"margin-bottom: 5px;\"><i class=\"fa-solid fa-check\" style=\"margin-right: 5px;\"><\/i> Pr\u00e9sidente du Bureau de l\u2019Assembl\u00e9e G\u00e9n\u00e9rale Annuelle Shelter Afrique;<\/li>\n<li style=\"margin-bottom: 5px;\"><i class=\"fa-solid fa-check\" style=\"margin-right: 5px;\"><\/i> Premi\u00e8re Femme Pr\u00e9sidente de Club de Football Masculin de D1 (Panth\u00e8re Sportive du Nd\u00e9 F.C);<\/li>\n<li><i class=\"fa-solid fa-check\" style=\"margin-right: 5px;\"><\/i> Premi\u00e8re Femme Pr\u00e9sidente de la Section RDPC Nd\u00e9-Nord \u00e0 Bangangt\u00e9 dans l\u2019Ouest du Cameroun.<\/li>\n<\/ul>\n<p>[\/et_pb_text][et_pb_text _builder_version=&#8221;4.17.6&#8243; _module_preset=&#8221;default&#8221; custom_margin=&#8221;15px||0px||false|false&#8221; custom_padding=&#8221;0px||0px||false|false&#8221; global_colors_info=&#8221;{}&#8221;]<\/p>\n<h3 style=\"color:#000000;\"><span style=\"text-decoration: underline;\"><strong>Quelques activit\u00e9s, ateliers et conf\u00e9rences d\u2019envergure,<\/strong><\/span>\u00a0elle a particip\u00e9e \u00e0 :<\/h3>\n<p>[\/et_pb_text][et_pb_text _builder_version=&#8221;4.17.6&#8243; _module_preset=&#8221;default&#8221; text_font=&#8221;|600|||||||&#8221; text_text_color=&#8221;#000000&#8243; text_font_size=&#8221;16px&#8221; text_line_height=&#8221;1.8em&#8221; custom_margin=&#8221;0px||0px||false|false&#8221; custom_padding=&#8221;0px||0px||false|false&#8221; hover_enabled=&#8221;0&#8243; global_colors_info=&#8221;{}&#8221; sticky_enabled=&#8221;0&#8243;]<\/p>\n<ul style=\"list-style-type: none;\">\n<li style=\"margin-bottom:5px;\"><i class=\"fa-solid fa-check\" style=\"margin-right:5px;\"><\/i> Toutes les activit\u00e9s des Groupes de Travail sur les Dialogues Structur\u00e9s portant sur l\u2019Efficacit\u00e9 de l\u2019Aide, organis\u00e9s par l\u2019Union Europ\u00e9enne de Bamako, Brussels \u00e0 Busan;<\/li>\n<li style=\"margin-bottom:5px;\"><i class=\"fa-solid fa-check\" style=\"margin-right:5px;\"><\/i> La r\u00e9union du Forum Politique pour le D\u00e9veloppement \u00e0 Bruxelles en Belgique;<\/li>\n<li style=\"margin-bottom:5px;\"><i class=\"fa-solid fa-check\" style=\"margin-right:5px;\"><\/i> Plusieurs S\u00e9minaires, Conf\u00e9rences et Sommets organis\u00e9s par la COP, CGLU, CGLUA, AIMF et REFELA;<\/li>\n<li style=\"margin-bottom:5px;\"><i class=\"fa-solid fa-check\" style=\"margin-right:5px;\"><\/i> Au Symposium de Haut Niveau \u00e0 Berlin;<\/li>\n<li style=\"margin-bottom:5px;\"><i class=\"fa-solid fa-check\" style=\"margin-right:5px;\"><\/i> Plusieurs sommets mondiaux sur le D\u00e9veloppement Durable, la S\u00e9curit\u00e9 Alimentaire et le Climat organis\u00e9s par l\u2019ONU;<\/li>\n<li style=\"margin-bottom:5px;\"><i class=\"fa-solid fa-check\" style=\"margin-right:5px;\"><\/i> Au forum de l\u2019initiative \u00ab BELT AND ROAD \u00bb tenu \u00e0 BEIJING;<\/li>\n<li style=\"margin-bottom:5px;\"><i class=\"fa-solid fa-check\" style=\"margin-right:5px;\"><\/i> La Global Taskforce des Maires \u00e0 l\u2019ONU sur la relecture des OMD et les propositions de l\u2019architecture des ODD.<\/li>\n<\/ul>\n<p>[\/et_pb_text][et_pb_text _builder_version=&#8221;4.17.6&#8243; _module_preset=&#8221;default&#8221; text_font=&#8221;|600|||||||&#8221; text_text_color=&#8221;#000000&#8243; text_font_size=&#8221;16px&#8221; text_line_height=&#8221;1.8em&#8221; custom_margin=&#8221;10px||0px||false|false&#8221; custom_padding=&#8221;0px||0px||false|false&#8221; global_colors_info=&#8221;{}&#8221;]<\/p>\n<p style=\"text-align: center; font-weight:bold;\">Domaine d\u2019expertise : D\u00e9veloppement Durable, s\u00e9curit\u00e9 et Climat<\/p>\n<p>[\/et_pb_text][\/et_pb_column][\/et_pb_row][\/et_pb_section]<\/p>\n<span class=\"et_bloom_bottom_trigger\"><\/span>","protected":false},"excerpt":{"rendered":"<p>Ministre de l&#8217;Habitat et du D\u00e9veloppement Urbain Chevalier de l\u2019Ordre National de la Valeur Chevalier National du M\u00e9rite Camerounais Chevalier National du M\u00e9rite Sportif Officier de l\u2019Ordre National de la [&hellip;]<\/p>\n","protected":false},"author":2,"featured_media":0,"parent":96,"menu_order":0,"comment_status":"closed","ping_status":"closed","template":"","meta":{"_et_pb_use_builder":"on","_et_pb_old_content":"<!-- wp:divi\/placeholder \/-->","_et_gb_content_width":"","_EventAllDay":false,"_EventTimezone":"","_EventStartDate":"","_EventEndDate":"","_EventStartDateUTC":"","_EventEndDateUTC":"","_EventShowMap":false,"_EventShowMapLink":false,"_EventURL":"","_EventCost":"","_EventCostDescription":"","_EventCurrencySymbol":"","_EventCurrencyCode":"","_EventCurrencyPosition":"","_EventDateTimeSeparator":"","_EventTimeRangeSeparator":"","_EventOrganizerID":[],"_EventVenueID":0,"_OrganizerEmail":"","_OrganizerPhone":"","_OrganizerWebsite":"","_VenueAddress":"","_VenueCity":"","_VenueCountry":"","_VenueProvince":"","_VenueZip":"","_VenuePhone":"","_VenueURL":"","_VenueStateProvince":"","_VenueLat":"","_VenueLng":"","footnotes":""},"folder":[],"class_list":["post-94","page","type-page","status-publish","hentry"],"yoast_head":"<!-- This site is optimized with the Yoast SEO plugin v19.13 - https:\/\/yoast.com\/wordpress\/plugins\/seo\/ -->\n<title>The Minister<\/title>\n<meta name=\"robots\" content=\"index, follow, max-snippet:-1, max-image-preview:large, max-video-preview:-1\" \/>\n<link rel=\"canonical\" href=\"https:\/\/www.minhdu.gov.cm\/le-ministere\/le-ministre\/\" \/>\n<meta property=\"og:locale\" content=\"en_US\" \/>\n<meta property=\"og:type\" content=\"article\" \/>\n<meta property=\"og:title\" content=\"The Minister\" \/>\n<meta property=\"og:url\" content=\"https:\/\/www.minhdu.gov.cm\/le-ministere\/le-ministre\/\" \/>\n<meta property=\"og:site_name\" content=\"MINHDU\" \/>\n<meta property=\"article:publisher\" content=\"https:\/\/www.facebook.com\/cameroun.minhdu\/\" \/>\n<meta property=\"article:modified_time\" content=\"2022-08-03T13:46:45+00:00\" \/>\n<meta name=\"twitter:card\" content=\"summary_large_image\" \/>\n<meta name=\"twitter:site\" content=\"@cameroun_minhdu\" \/>\n<meta name=\"twitter:label1\" content=\"Est. reading time\" \/>\n\t<meta name=\"twitter:data1\" content=\"6 minutes\" \/>\n<script type=\"application\/ld+json\" class=\"yoast-schema-graph\">{\"@context\":\"https:\/\/schema.org\",\"@graph\":[{\"@type\":\"WebPage\",\"@id\":\"https:\/\/www.minhdu.gov.cm\/le-ministere\/le-ministre\/\",\"url\":\"https:\/\/www.minhdu.gov.cm\/le-ministere\/le-ministre\/\",\"name\":\"Le Ministre - MINHDU\",\"isPartOf\":{\"@id\":\"https:\/\/www.minhdu.gov.cm\/#website\"},\"datePublished\":\"2022-06-16T07:52:08+00:00\",\"dateModified\":\"2022-08-03T13:46:45+00:00\",\"breadcrumb\":{\"@id\":\"https:\/\/www.minhdu.gov.cm\/le-ministere\/le-ministre\/#breadcrumb\"},\"inLanguage\":\"en-US\",\"potentialAction\":[{\"@type\":\"ReadAction\",\"target\":[\"https:\/\/www.minhdu.gov.cm\/le-ministere\/le-ministre\/\"]}]},{\"@type\":\"BreadcrumbList\",\"@id\":\"https:\/\/www.minhdu.gov.cm\/le-ministere\/le-ministre\/#breadcrumb\",\"itemListElement\":[{\"@type\":\"ListItem\",\"position\":1,\"name\":\"Home\",\"item\":\"https:\/\/www.minhdu.gov.cm\/\"},{\"@type\":\"ListItem\",\"position\":2,\"name\":\"Le Minist\u00e8re\",\"item\":\"https:\/\/www.minhdu.gov.cm\/le-ministere\/\"},{\"@type\":\"ListItem\",\"position\":3,\"name\":\"Le Ministre\"}]},{\"@type\":\"WebSite\",\"@id\":\"https:\/\/www.minhdu.gov.cm\/#website\",\"url\":\"https:\/\/www.minhdu.gov.cm\/\",\"name\":\"MINHDU\",\"description\":\"\",\"publisher\":{\"@id\":\"https:\/\/www.minhdu.gov.cm\/#organization\"},\"potentialAction\":[{\"@type\":\"SearchAction\",\"target\":{\"@type\":\"EntryPoint\",\"urlTemplate\":\"https:\/\/www.minhdu.gov.cm\/?s={search_term_string}\"},\"query-input\":\"required name=search_term_string\"}],\"inLanguage\":\"en-US\"},{\"@type\":\"Organization\",\"@id\":\"https:\/\/www.minhdu.gov.cm\/#organization\",\"name\":\"MINHDU\",\"url\":\"https:\/\/www.minhdu.gov.cm\/\",\"logo\":{\"@type\":\"ImageObject\",\"inLanguage\":\"en-US\",\"@id\":\"https:\/\/www.minhdu.gov.cm\/#\/schema\/logo\/image\/\",\"url\":\"https:\/\/www.minhdu.gov.cm\/wp-content\/uploads\/2022\/06\/minhdu2.png\",\"contentUrl\":\"https:\/\/www.minhdu.gov.cm\/wp-content\/uploads\/2022\/06\/minhdu2.png\",\"width\":250,\"height\":250,\"caption\":\"MINHDU\"},\"image\":{\"@id\":\"https:\/\/www.minhdu.gov.cm\/#\/schema\/logo\/image\/\"},\"sameAs\":[\"https:\/\/www.facebook.com\/cameroun.minhdu\/\",\"https:\/\/twitter.com\/cameroun_minhdu\"]}]}<\/script>\n<!-- \/ Yoast SEO plugin. -->","yoast_head_json":{"title":"The Minister","robots":{"index":"index","follow":"follow","max-snippet":"max-snippet:-1","max-image-preview":"max-image-preview:large","max-video-preview":"max-video-preview:-1"},"canonical":"https:\/\/www.minhdu.gov.cm\/le-ministere\/le-ministre\/","og_locale":"en_US","og_type":"article","og_title":"The Minister","og_url":"https:\/\/www.minhdu.gov.cm\/le-ministere\/le-ministre\/","og_site_name":"MINHDU","article_publisher":"https:\/\/www.facebook.com\/cameroun.minhdu\/","article_modified_time":"2022-08-03T13:46:45+00:00","twitter_card":"summary_large_image","twitter_site":"@cameroun_minhdu","twitter_misc":{"Est. reading time":"6 minutes"},"schema":{"@context":"https:\/\/schema.org","@graph":[{"@type":"WebPage","@id":"https:\/\/www.minhdu.gov.cm\/le-ministere\/le-ministre\/","url":"https:\/\/www.minhdu.gov.cm\/le-ministere\/le-ministre\/","name":"Le Ministre - MINHDU","isPartOf":{"@id":"https:\/\/www.minhdu.gov.cm\/#website"},"datePublished":"2022-06-16T07:52:08+00:00","dateModified":"2022-08-03T13:46:45+00:00","breadcrumb":{"@id":"https:\/\/www.minhdu.gov.cm\/le-ministere\/le-ministre\/#breadcrumb"},"inLanguage":"en-US","potentialAction":[{"@type":"ReadAction","target":["https:\/\/www.minhdu.gov.cm\/le-ministere\/le-ministre\/"]}]},{"@type":"BreadcrumbList","@id":"https:\/\/www.minhdu.gov.cm\/le-ministere\/le-ministre\/#breadcrumb","itemListElement":[{"@type":"ListItem","position":1,"name":"Home","item":"https:\/\/www.minhdu.gov.cm\/"},{"@type":"ListItem","position":2,"name":"Le Minist\u00e8re","item":"https:\/\/www.minhdu.gov.cm\/le-ministere\/"},{"@type":"ListItem","position":3,"name":"Le Ministre"}]},{"@type":"WebSite","@id":"https:\/\/www.minhdu.gov.cm\/#website","url":"https:\/\/www.minhdu.gov.cm\/","name":"MINHDU","description":"","publisher":{"@id":"https:\/\/www.minhdu.gov.cm\/#organization"},"potentialAction":[{"@type":"SearchAction","target":{"@type":"EntryPoint","urlTemplate":"https:\/\/www.minhdu.gov.cm\/?s={search_term_string}"},"query-input":"required name=search_term_string"}],"inLanguage":"en-US"},{"@type":"Organization","@id":"https:\/\/www.minhdu.gov.cm\/#organization","name":"MINHDU","url":"https:\/\/www.minhdu.gov.cm\/","logo":{"@type":"ImageObject","inLanguage":"en-US","@id":"https:\/\/www.minhdu.gov.cm\/#\/schema\/logo\/image\/","url":"https:\/\/www.minhdu.gov.cm\/wp-content\/uploads\/2022\/06\/minhdu2.png","contentUrl":"https:\/\/www.minhdu.gov.cm\/wp-content\/uploads\/2022\/06\/minhdu2.png","width":250,"height":250,"caption":"MINHDU"},"image":{"@id":"https:\/\/www.minhdu.gov.cm\/#\/schema\/logo\/image\/"},"sameAs":["https:\/\/www.facebook.com\/cameroun.minhdu\/","https:\/\/twitter.com\/cameroun_minhdu"]}]}},"_links":{"self":[{"href":"https:\/\/www.minhdu.gov.cm\/wp-json\/wp\/v2\/pages\/94","targetHints":{"allow":["GET"]}}],"collection":[{"href":"https:\/\/www.minhdu.gov.cm\/wp-json\/wp\/v2\/pages"}],"about":[{"href":"https:\/\/www.minhdu.gov.cm\/wp-json\/wp\/v2\/types\/page"}],"author":[{"embeddable":true,"href":"https:\/\/www.minhdu.gov.cm\/wp-json\/wp\/v2\/users\/2"}],"replies":[{"embeddable":true,"href":"https:\/\/www.minhdu.gov.cm\/wp-json\/wp\/v2\/comments?post=94"}],"version-history":[{"count":101,"href":"https:\/\/www.minhdu.gov.cm\/wp-json\/wp\/v2\/pages\/94\/revisions"}],"predecessor-version":[{"id":7970,"href":"https:\/\/www.minhdu.gov.cm\/wp-json\/wp\/v2\/pages\/94\/revisions\/7970"}],"up":[{"embeddable":true,"href":"https:\/\/www.minhdu.gov.cm\/wp-json\/wp\/v2\/pages\/96"}],"wp:attachment":[{"href":"https:\/\/www.minhdu.gov.cm\/wp-json\/wp\/v2\/media?parent=94"}],"wp:term":[{"taxonomy":"folder","embeddable":true,"href":"https:\/\/www.minhdu.gov.cm\/wp-json\/wp\/v2\/folder?post=94"}],"curies":[{"name":"wp","href":"https:\/\/api.w.org\/{rel}","templated":true}]}}